{"id":12,"date":"2022-12-24T10:35:45","date_gmt":"2022-12-24T10:35:45","guid":{"rendered":"https:\/\/rcbsystem.com\/sitewp\/?page_id=12"},"modified":"2022-12-24T10:35:45","modified_gmt":"2022-12-24T10:35:45","slug":"rcbagricola","status":"publish","type":"page","link":"https:\/\/rcbsystem.com.br\/?page_id=12","title":{"rendered":"RCBAgricola"},"content":{"rendered":"\t\t<div data-elementor-type=\"wp-page\" data-elementor-id=\"12\" class=\"elementor elementor-12\">\n\t\t\t\t\t\t<section class=\"elementor-section elementor-top-section elementor-element elementor-element-c283c4f elementor-section-boxed elementor-section-height-default elementor-section-height-default\" data-id=\"c283c4f\" data-element_type=\"section\">\n\t\t\t\t\t\t<div class=\"elementor-container elementor-column-gap-default\">\n\t\t\t\t\t<div class=\"elementor-column elementor-col-100 elementor-top-column elementor-element elementor-element-28b2d97\" data-id=\"28b2d97\" data-element_type=\"column\">\n\t\t\t<div class=\"elementor-widget-wrap elementor-element-populated\">\n\t\t\t\t\t\t<div class=\"elementor-element elementor-element-9c80fb5 elementor-widget elementor-widget-text-editor\" data-id=\"9c80fb5\" data-element_type=\"widget\" data-widget_type=\"text-editor.default\">\n\t\t\t\t<div class=\"elementor-widget-container\">\n\t\t\t\t\t\t\t<p><span style=\"font-weight: 400;\">Controle todos os processos agr\u00edcolas, como\u00a0 reforma, plantio e colheita. Gerencie Apontamentos de Colaboradores, M\u00e1quinas e Insumos baseado em centro de custos.<\/span><\/p>\t\t\t\t\t\t<\/div>\n\t\t\t\t<\/div>\n\t\t\t\t\t<\/div>\n\t\t<\/div>\n\t\t\t\t\t<\/div>\n\t\t<\/section>\n\t\t\t\t<section class=\"elementor-section elementor-top-section elementor-element elementor-element-e59c76d elementor-section-boxed elementor-section-height-default elementor-section-height-default\" data-id=\"e59c76d\" data-element_type=\"section\">\n\t\t\t\t\t\t<div class=\"elementor-container elementor-column-gap-default\">\n\t\t\t\t\t<div class=\"elementor-column elementor-col-100 elementor-top-column elementor-element elementor-element-c52c8e6\" data-id=\"c52c8e6\" data-element_type=\"column\">\n\t\t\t<div class=\"elementor-widget-wrap elementor-element-populated\">\n\t\t\t\t\t\t<div class=\"elementor-element elementor-element-7525192 elementor-position-left elementor-vertical-align-top elementor-widget elementor-widget-image-box\" data-id=\"7525192\" data-element_type=\"widget\" data-widget_type=\"image-box.default\">\n\t\t\t\t<div class=\"elementor-widget-container\">\n\t\t\t<div class=\"elementor-image-box-wrapper\"><figure class=\"elementor-image-box-img\"><img decoding=\"async\" width=\"80\" height=\"120\" src=\"https:\/\/rcbsystem.com.br\/wp-content\/uploads\/2022\/12\/pastilha_Nivel3_1.jpg\" class=\"attachment-full size-full wp-image-206\" alt=\"\" \/><\/figure><div class=\"elementor-image-box-content\"><h3 class=\"elementor-image-box-title\">Nivel 3 (Talh\u00e3o)<\/h3><p class=\"elementor-image-box-description\">O RCBAgricola tem tr\u00eas n\u00edveis de agrupamento sendo N\u00edvel 1 - Fazenda \/ N\u00edvel 2 - Setor e o N\u00edvel 3 - Talh\u00e3o, nesse n\u00edvel \u00e9 poss\u00edvel controlar toda a evolu\u00e7\u00e3o de custos e rentabilidade gerado por todos os processos. Fa\u00e7a a gest\u00e3o por Relat\u00f3rios, Dashboards, Calend\u00e1rio e Mapa.<\/p><\/div><\/div>\t\t<\/div>\n\t\t\t\t<\/div>\n\t\t\t\t<div class=\"elementor-element elementor-element-a331261 elementor-position-right elementor-vertical-align-top elementor-widget elementor-widget-image-box\" data-id=\"a331261\" data-element_type=\"widget\" data-widget_type=\"image-box.default\">\n\t\t\t\t<div class=\"elementor-widget-container\">\n\t\t\t<div class=\"elementor-image-box-wrapper\"><figure class=\"elementor-image-box-img\"><img decoding=\"async\" width=\"80\" height=\"120\" src=\"https:\/\/rcbsystem.com.br\/wp-content\/uploads\/2022\/12\/pastilha_Planejamento_Atividade_1.jpg\" class=\"attachment-full size-full wp-image-113\" alt=\"\" \/><\/figure><div class=\"elementor-image-box-content\"><h3 class=\"elementor-image-box-title\">Planejamento de Atividades<\/h3><p class=\"elementor-image-box-description\">Fa\u00e7a todo o planejamento das atividades que ser\u00e3o realizadas durante um determinado per\u00edodo em todos os Nivel 3 (Talh\u00f5es). Fa\u00e7a a gest\u00e3o por Relat\u00f3rios, Dashboards, Calend\u00e1rio e Mapa.<\/p><\/div><\/div>\t\t<\/div>\n\t\t\t\t<\/div>\n\t\t\t\t<div class=\"elementor-element elementor-element-aea0a71 elementor-position-left elementor-vertical-align-top elementor-widget elementor-widget-image-box\" data-id=\"aea0a71\" data-element_type=\"widget\" data-widget_type=\"image-box.default\">\n\t\t\t\t<div class=\"elementor-widget-container\">\n\t\t\t<div class=\"elementor-image-box-wrapper\"><figure class=\"elementor-image-box-img\"><img decoding=\"async\" width=\"80\" height=\"120\" src=\"https:\/\/rcbsystem.com.br\/wp-content\/uploads\/2022\/12\/pastilha_Programacao_Atividade_1.jpg\" class=\"attachment-full size-full wp-image-114\" alt=\"\" \/><\/figure><div class=\"elementor-image-box-content\"><h3 class=\"elementor-image-box-title\"><span style=\"font-family: var( --e-global-typography-primary-font-family ), Sans-serif; font-weight: var( --e-global-typography-primary-font-weight ); letter-spacing: 0px;\">Programa\u00e7\u00e3o de Atividades<\/span><\/h3><p class=\"elementor-image-box-description\">Baseado no Planejamento de Atividades fa\u00e7a a programa\u00e7\u00e3o das atividades a serem realizada em curto espa\u00e7o de tempo como uma semana ou mais, toda essa programa\u00e7\u00e3o ir\u00e1 liberar somente as \u00e1reas selecionadas para terem a execu\u00e7\u00e3o das atividades. Fa\u00e7a a gest\u00e3o por Relat\u00f3rios, Dashboards, Calend\u00e1rio e Mapa.<\/p><\/div><\/div>\t\t<\/div>\n\t\t\t\t<\/div>\n\t\t\t\t<div class=\"elementor-element elementor-element-c2acb41 elementor-position-right elementor-vertical-align-top elementor-widget elementor-widget-image-box\" data-id=\"c2acb41\" data-element_type=\"widget\" data-widget_type=\"image-box.default\">\n\t\t\t\t<div class=\"elementor-widget-container\">\n\t\t\t<div class=\"elementor-image-box-wrapper\"><figure class=\"elementor-image-box-img\"><img loading=\"lazy\" decoding=\"async\" width=\"80\" height=\"120\" src=\"https:\/\/rcbsystem.com.br\/wp-content\/uploads\/2022\/12\/pastilha_Ordem_Servico_1.jpg\" class=\"attachment-full size-full wp-image-129\" alt=\"\" \/><\/figure><div class=\"elementor-image-box-content\"><h3 class=\"elementor-image-box-title\">Ordem de Servi\u00e7o<\/h3><p class=\"elementor-image-box-description\">Crie Ordens de Servi\u00e7o para a realiza\u00e7\u00e3o das atividades nos Nivel 3 (Talh\u00f5es). Fa\u00e7a a gest\u00e3o por Relat\u00f3rios, Dashboards, Calend\u00e1rio e Mapa.<\/p><\/div><\/div>\t\t<\/div>\n\t\t\t\t<\/div>\n\t\t\t\t<div class=\"elementor-element elementor-element-1ad23c4 elementor-position-left elementor-vertical-align-top elementor-widget elementor-widget-image-box\" data-id=\"1ad23c4\" data-element_type=\"widget\" data-widget_type=\"image-box.default\">\n\t\t\t\t<div class=\"elementor-widget-container\">\n\t\t\t<div class=\"elementor-image-box-wrapper\"><figure class=\"elementor-image-box-img\"><img loading=\"lazy\" decoding=\"async\" width=\"80\" height=\"120\" src=\"https:\/\/rcbsystem.com.br\/wp-content\/uploads\/2022\/12\/pastilha_Atividade_Manual_1.jpg\" class=\"attachment-full size-full wp-image-110\" alt=\"\" \/><\/figure><div class=\"elementor-image-box-content\"><h3 class=\"elementor-image-box-title\"><span style=\"font-family: var( --e-global-typography-primary-font-family ), Sans-serif; font-weight: var( --e-global-typography-primary-font-weight ); letter-spacing: 0px;\">Atividade Manual<\/span><\/h3><p class=\"elementor-image-box-description\">Fa\u00e7a os apontamentos de todas as Atividades Manuais individualmente ou apontadas por uma Ordem de Servi\u00e7o. Fa\u00e7a a gest\u00e3o por Relat\u00f3rios, Dashboards, Calend\u00e1rio e Mapa.<\/p><\/div><\/div>\t\t<\/div>\n\t\t\t\t<\/div>\n\t\t\t\t<div class=\"elementor-element elementor-element-dad3f51 elementor-position-right elementor-vertical-align-top elementor-widget elementor-widget-image-box\" data-id=\"dad3f51\" data-element_type=\"widget\" data-widget_type=\"image-box.default\">\n\t\t\t\t<div class=\"elementor-widget-container\">\n\t\t\t<div class=\"elementor-image-box-wrapper\"><figure class=\"elementor-image-box-img\"><img loading=\"lazy\" decoding=\"async\" width=\"80\" height=\"120\" src=\"https:\/\/rcbsystem.com.br\/wp-content\/uploads\/2022\/12\/pastilha_Atividade_Mecanizada_1.jpg\" class=\"attachment-full size-full wp-image-109\" alt=\"\" \/><\/figure><div class=\"elementor-image-box-content\"><h3 class=\"elementor-image-box-title\">Atividade Mecanizada<\/h3><p class=\"elementor-image-box-description\">Fa\u00e7a os apontamentos de todas as Atividades Mecanizadas individualmente ou apontadas por uma Ordem de Servi\u00e7o. Fa\u00e7a a gest\u00e3o por Relat\u00f3rios, Dashboards, Calend\u00e1rio e Mapa.<\/p><\/div><\/div>\t\t<\/div>\n\t\t\t\t<\/div>\n\t\t\t\t<div class=\"elementor-element elementor-element-79ad017 elementor-position-left elementor-vertical-align-top elementor-widget elementor-widget-image-box\" data-id=\"79ad017\" data-element_type=\"widget\" data-widget_type=\"image-box.default\">\n\t\t\t\t<div class=\"elementor-widget-container\">\n\t\t\t<div class=\"elementor-image-box-wrapper\"><figure class=\"elementor-image-box-img\"><img loading=\"lazy\" decoding=\"async\" width=\"80\" height=\"120\" src=\"https:\/\/rcbsystem.com.br\/wp-content\/uploads\/2022\/12\/pastilha_Roguing_1.jpg\" class=\"attachment-full size-full wp-image-223\" alt=\"\" \/><\/figure><div class=\"elementor-image-box-content\"><h3 class=\"elementor-image-box-title\">Roguing<\/h3><p class=\"elementor-image-box-description\">Fa\u00e7a o controle de Roguing por apontamentos dos Nivel 3 ( Talh\u00f5es ). Fa\u00e7a a gest\u00e3o por Relat\u00f3rios, Dashboards, Calend\u00e1rio e Mapa.<\/p><\/div><\/div>\t\t<\/div>\n\t\t\t\t<\/div>\n\t\t\t\t<div class=\"elementor-element elementor-element-767ca7e elementor-position-right elementor-vertical-align-top elementor-widget elementor-widget-image-box\" data-id=\"767ca7e\" data-element_type=\"widget\" data-widget_type=\"image-box.default\">\n\t\t\t\t<div class=\"elementor-widget-container\">\n\t\t\t<div class=\"elementor-image-box-wrapper\"><figure class=\"elementor-image-box-img\"><img loading=\"lazy\" decoding=\"async\" width=\"80\" height=\"120\" src=\"https:\/\/rcbsystem.com.br\/wp-content\/uploads\/2022\/12\/pastilha_PragaSolo_1.jpg\" class=\"attachment-full size-full wp-image-125\" alt=\"\" \/><\/figure><div class=\"elementor-image-box-content\"><h3 class=\"elementor-image-box-title\">Praga de Solo<\/h3><p class=\"elementor-image-box-description\">Fa\u00e7a o controle de Pragas de Solos por apontamentos dos Nivel 3 ( Talh\u00f5es ). Fa\u00e7a a gest\u00e3o por Relat\u00f3rios, Dashboards, Calend\u00e1rio e Mapa.<\/p><\/div><\/div>\t\t<\/div>\n\t\t\t\t<\/div>\n\t\t\t\t<div class=\"elementor-element elementor-element-03adbf5 elementor-position-left elementor-vertical-align-top elementor-widget elementor-widget-image-box\" data-id=\"03adbf5\" data-element_type=\"widget\" data-widget_type=\"image-box.default\">\n\t\t\t\t<div class=\"elementor-widget-container\">\n\t\t\t<div class=\"elementor-image-box-wrapper\"><figure class=\"elementor-image-box-img\"><img loading=\"lazy\" decoding=\"async\" width=\"80\" height=\"120\" src=\"https:\/\/rcbsystem.com.br\/wp-content\/uploads\/2022\/12\/pastilha_Identifica_Reforma_1.jpg\" class=\"attachment-full size-full wp-image-119\" alt=\"\" \/><\/figure><div class=\"elementor-image-box-content\"><h3 class=\"elementor-image-box-title\">Identifica\u00e7\u00e3o de Reforma<\/h3><p class=\"elementor-image-box-description\">Fa\u00e7a a identifica\u00e7\u00e3o das \u00e1reas que ser\u00e3o reformadas por apontamentos. Fa\u00e7a a gest\u00e3o por Relat\u00f3rios, Dashboards, Calend\u00e1rio e Mapa.<\/p><\/div><\/div>\t\t<\/div>\n\t\t\t\t<\/div>\n\t\t\t\t<div class=\"elementor-element elementor-element-8f0679a elementor-position-right elementor-vertical-align-top elementor-widget elementor-widget-image-box\" data-id=\"8f0679a\" data-element_type=\"widget\" data-widget_type=\"image-box.default\">\n\t\t\t\t<div class=\"elementor-widget-container\">\n\t\t\t<div class=\"elementor-image-box-wrapper\"><figure class=\"elementor-image-box-img\"><img loading=\"lazy\" decoding=\"async\" width=\"80\" height=\"120\" src=\"https:\/\/rcbsystem.com.br\/wp-content\/uploads\/2022\/12\/pastilha_Identifica_Plantio_1.jpg\" class=\"attachment-full size-full wp-image-120\" alt=\"\" \/><\/figure><div class=\"elementor-image-box-content\"><h3 class=\"elementor-image-box-title\">Identifica\u00e7\u00e3o de Plantio<\/h3><p class=\"elementor-image-box-description\">Fa\u00e7a a identifica\u00e7\u00e3o das \u00e1reas que ser\u00e3o plantadas por apontamentos. Fa\u00e7a a gest\u00e3o por Relat\u00f3rios, Dashboards, Calend\u00e1rio e Mapa.<\/p><\/div><\/div>\t\t<\/div>\n\t\t\t\t<\/div>\n\t\t\t\t<div class=\"elementor-element elementor-element-8beb80a elementor-position-left elementor-vertical-align-top elementor-widget elementor-widget-image-box\" data-id=\"8beb80a\" data-element_type=\"widget\" data-widget_type=\"image-box.default\">\n\t\t\t\t<div class=\"elementor-widget-container\">\n\t\t\t<div class=\"elementor-image-box-wrapper\"><figure class=\"elementor-image-box-img\"><img loading=\"lazy\" decoding=\"async\" width=\"80\" height=\"120\" src=\"https:\/\/rcbsystem.com.br\/wp-content\/uploads\/2022\/12\/pastilha_Chuva_1.jpg\" class=\"attachment-full size-full wp-image-111\" alt=\"\" \/><\/figure><div class=\"elementor-image-box-content\"><h3 class=\"elementor-image-box-title\">Apontamento de Chuva<\/h3><p class=\"elementor-image-box-description\">Controle a quantidade de Chuva de cada pluvi\u00f4metro criando um hist\u00f3rico para futuros planejamentos. Fa\u00e7a a gest\u00e3o por Relat\u00f3rios, Dashboards, Calend\u00e1rio e Mapa.<\/p><\/div><\/div>\t\t<\/div>\n\t\t\t\t<\/div>\n\t\t\t\t<div class=\"elementor-element elementor-element-0a0158b elementor-position-right elementor-vertical-align-top elementor-widget elementor-widget-image-box\" data-id=\"0a0158b\" data-element_type=\"widget\" data-widget_type=\"image-box.default\">\n\t\t\t\t<div class=\"elementor-widget-container\">\n\t\t\t<div class=\"elementor-image-box-wrapper\"><figure class=\"elementor-image-box-img\"><img loading=\"lazy\" decoding=\"async\" width=\"80\" height=\"120\" src=\"https:\/\/rcbsystem.com.br\/wp-content\/uploads\/2022\/12\/pastilha_Incendio_3.jpg\" class=\"attachment-full size-full wp-image-228\" alt=\"\" \/><\/figure><div class=\"elementor-image-box-content\"><h3 class=\"elementor-image-box-title\">Inc\u00eandio<\/h3><p class=\"elementor-image-box-description\">Fa\u00e7a o controle dos Inc\u00eandios criminosos com identifica\u00e7\u00e3o das \u00e1reas queimadas, equipamentos e colaboradores que ajudaram no combate. Fa\u00e7a a gest\u00e3o por Relat\u00f3rios, Dashboards, Calend\u00e1rio e Mapa.<\/p><\/div><\/div>\t\t<\/div>\n\t\t\t\t<\/div>\n\t\t\t\t\t<\/div>\n\t\t<\/div>\n\t\t\t\t\t<\/div>\n\t\t<\/section>\n\t\t\t\t<\/div>\n\t\t","protected":false},"excerpt":{"rendered":"<p>Controle todos os processos agr\u00edcolas, como\u00a0 reforma, plantio e colheita. Gerencie Apontamentos de Colaboradores, M\u00e1quinas e Insumos baseado em centro de custos. Nivel 3 (Talh\u00e3o) O RCBAgricola tem tr\u00eas n\u00edveis de agrupamento sendo N\u00edvel 1 &#8211; Fazenda \/ N\u00edvel 2 &#8211; Setor e o N\u00edvel 3 &#8211; Talh\u00e3o, nesse n\u00edvel \u00e9 poss\u00edvel controlar toda a evolu\u00e7\u00e3o de custos e rentabilidade gerado por todos os processos. Fa\u00e7a a gest\u00e3o por Relat\u00f3rios, Dashboards, Calend\u00e1rio e Mapa. Planejamento de Atividades Fa\u00e7a todo o planejamento das atividades que ser\u00e3o realizadas durante um determinado per\u00edodo em todos os Nivel 3 (Talh\u00f5es). Fa\u00e7a a gest\u00e3o por Relat\u00f3rios, Dashboards, Calend\u00e1rio e Mapa. Programa\u00e7\u00e3o de Atividades Baseado no Planejamento de Atividades fa\u00e7a a programa\u00e7\u00e3o das atividades a serem realizada em curto espa\u00e7o de tempo como uma semana ou mais, toda essa programa\u00e7\u00e3o ir\u00e1 liberar somente as \u00e1reas selecionadas para terem a execu\u00e7\u00e3o das atividades. Fa\u00e7a a gest\u00e3o por Relat\u00f3rios, Dashboards, Calend\u00e1rio e Mapa. Ordem de Servi\u00e7o Crie Ordens de Servi\u00e7o para a realiza\u00e7\u00e3o das atividades nos Nivel 3 (Talh\u00f5es). Fa\u00e7a a gest\u00e3o por Relat\u00f3rios, Dashboards, Calend\u00e1rio e Mapa. Atividade Manual Fa\u00e7a os apontamentos de todas as Atividades Manuais individualmente ou apontadas por uma Ordem de Servi\u00e7o. Fa\u00e7a a gest\u00e3o por Relat\u00f3rios, Dashboards, Calend\u00e1rio e Mapa. Atividade Mecanizada Fa\u00e7a os apontamentos de todas as Atividades Mecanizadas individualmente ou apontadas por uma Ordem de Servi\u00e7o. Fa\u00e7a a gest\u00e3o por Relat\u00f3rios, Dashboards, Calend\u00e1rio e Mapa. Roguing Fa\u00e7a o controle de Roguing por apontamentos dos Nivel 3 ( Talh\u00f5es ). Fa\u00e7a a gest\u00e3o por Relat\u00f3rios, Dashboards, Calend\u00e1rio e Mapa. Praga de Solo Fa\u00e7a o controle de Pragas de Solos por apontamentos dos Nivel 3 ( Talh\u00f5es ). Fa\u00e7a a gest\u00e3o por Relat\u00f3rios, Dashboards, Calend\u00e1rio e Mapa. Identifica\u00e7\u00e3o de Reforma Fa\u00e7a a identifica\u00e7\u00e3o das \u00e1reas que ser\u00e3o reformadas por apontamentos. Fa\u00e7a a gest\u00e3o por Relat\u00f3rios, Dashboards, Calend\u00e1rio e Mapa. Identifica\u00e7\u00e3o de Plantio Fa\u00e7a a identifica\u00e7\u00e3o das \u00e1reas que ser\u00e3o plantadas por apontamentos. Fa\u00e7a a gest\u00e3o por Relat\u00f3rios, Dashboards, Calend\u00e1rio e Mapa. Apontamento de Chuva Controle a quantidade de Chuva de cada pluvi\u00f4metro criando um hist\u00f3rico para futuros planejamentos. Fa\u00e7a a gest\u00e3o por Relat\u00f3rios, Dashboards, Calend\u00e1rio e Mapa. Inc\u00eandio Fa\u00e7a o controle dos Inc\u00eandios criminosos com identifica\u00e7\u00e3o das \u00e1reas queimadas, equipamentos e colaboradores que ajudaram no combate. Fa\u00e7a a gest\u00e3o por Relat\u00f3rios, Dashboards, Calend\u00e1rio e Mapa.<\/p>\n","protected":false},"author":1,"featured_media":0,"parent":0,"menu_order":0,"comment_status":"closed","ping_status":"closed","template":"","meta":{"_eb_attr":"","footnotes":""},"class_list":["post-12","page","type-page","status-publish","hentry"],"_links":{"self":[{"href":"https:\/\/rcbsystem.com.br\/index.php?rest_route=\/wp\/v2\/pages\/12","targetHints":{"allow":["GET"]}}],"collection":[{"href":"https:\/\/rcbsystem.com.br\/index.php?rest_route=\/wp\/v2\/pages"}],"about":[{"href":"https:\/\/rcbsystem.com.br\/index.php?rest_route=\/wp\/v2\/types\/page"}],"author":[{"embeddable":true,"href":"https:\/\/rcbsystem.com.br\/index.php?rest_route=\/wp\/v2\/users\/1"}],"replies":[{"embeddable":true,"href":"https:\/\/rcbsystem.com.br\/index.php?rest_route=%2Fwp%2Fv2%2Fcomments&post=12"}],"version-history":[{"count":0,"href":"https:\/\/rcbsystem.com.br\/index.php?rest_route=\/wp\/v2\/pages\/12\/revisions"}],"wp:attachment":[{"href":"https:\/\/rcbsystem.com.br\/index.php?rest_route=%2Fwp%2Fv2%2Fmedia&parent=12"}],"curies":[{"name":"wp","href":"https:\/\/api.w.org\/{rel}","templated":true}]}}