{"id":16,"date":"2022-12-24T10:36:10","date_gmt":"2022-12-24T10:36:10","guid":{"rendered":"https:\/\/rcbsystem.com\/sitewp\/?page_id=16"},"modified":"2022-12-24T10:36:10","modified_gmt":"2022-12-24T10:36:10","slug":"rcbautomotiva","status":"publish","type":"page","link":"https:\/\/rcbsystem.com.br\/?page_id=16","title":{"rendered":"RCBAutomotiva"},"content":{"rendered":"\t\t<div data-elementor-type=\"wp-page\" data-elementor-id=\"16\" class=\"elementor elementor-16\">\n\t\t\t\t\t\t<section class=\"elementor-section elementor-top-section elementor-element elementor-element-4c8dec2 elementor-section-boxed elementor-section-height-default elementor-section-height-default\" data-id=\"4c8dec2\" data-element_type=\"section\">\n\t\t\t\t\t\t<div class=\"elementor-container elementor-column-gap-default\">\n\t\t\t\t\t<div class=\"elementor-column elementor-col-100 elementor-top-column elementor-element elementor-element-57457cb\" data-id=\"57457cb\" data-element_type=\"column\">\n\t\t\t<div class=\"elementor-widget-wrap elementor-element-populated\">\n\t\t\t\t\t\t<div class=\"elementor-element elementor-element-39d0d96 elementor-widget elementor-widget-text-editor\" data-id=\"39d0d96\" data-element_type=\"widget\" data-widget_type=\"text-editor.default\">\n\t\t\t\t<div class=\"elementor-widget-container\">\n\t\t\t\t\t\t\t<p><span style=\"font-weight: 400;\">O RCBAutomotivo \u00e9 um subsistema com m\u00f3dulos para gest\u00e3o das Manuten\u00e7\u00f5es e Controle de Custos dos Equipamentos.<\/span><\/p>\t\t\t\t\t\t<\/div>\n\t\t\t\t<\/div>\n\t\t\t\t\t<\/div>\n\t\t<\/div>\n\t\t\t\t\t<\/div>\n\t\t<\/section>\n\t\t\t\t<section class=\"elementor-section elementor-top-section elementor-element elementor-element-1673c5b elementor-section-boxed elementor-section-height-default elementor-section-height-default\" data-id=\"1673c5b\" data-element_type=\"section\">\n\t\t\t\t\t\t<div class=\"elementor-container elementor-column-gap-default\">\n\t\t\t\t\t<div class=\"elementor-column elementor-col-100 elementor-top-column elementor-element elementor-element-5dda42e\" data-id=\"5dda42e\" data-element_type=\"column\">\n\t\t\t<div class=\"elementor-widget-wrap elementor-element-populated\">\n\t\t\t\t\t\t<div class=\"elementor-element elementor-element-d1d6df8 elementor-position-left elementor-vertical-align-top elementor-widget elementor-widget-image-box\" data-id=\"d1d6df8\" data-element_type=\"widget\" data-widget_type=\"image-box.default\">\n\t\t\t\t<div class=\"elementor-widget-container\">\n\t\t\t<div class=\"elementor-image-box-wrapper\"><figure class=\"elementor-image-box-img\"><img decoding=\"async\" width=\"80\" height=\"120\" src=\"https:\/\/rcbsystem.com.br\/wp-content\/uploads\/2022\/12\/pastilha_Equipamento_1.png\" class=\"attachment-full size-full wp-image-244\" alt=\"\" \/><\/figure><div class=\"elementor-image-box-content\"><h3 class=\"elementor-image-box-title\">Equipamento<\/h3><p class=\"elementor-image-box-description\">Fa\u00e7a o cadastro dos equipamentos, controlando toda a estrutura, avatares e tipos de compartimento. Fa\u00e7a a Gest\u00e3o por Relat\u00f3rios, Dashboards, Calend\u00e1rio e Mapa<\/p><\/div><\/div>\t\t<\/div>\n\t\t\t\t<\/div>\n\t\t\t\t<div class=\"elementor-element elementor-element-f4cccc1 elementor-position-right elementor-vertical-align-top elementor-widget elementor-widget-image-box\" data-id=\"f4cccc1\" data-element_type=\"widget\" data-widget_type=\"image-box.default\">\n\t\t\t\t<div class=\"elementor-widget-container\">\n\t\t\t<div class=\"elementor-image-box-wrapper\"><figure class=\"elementor-image-box-img\"><img decoding=\"async\" width=\"80\" height=\"120\" src=\"https:\/\/rcbsystem.com.br\/wp-content\/uploads\/2022\/12\/pastilha_Abastecimento_1.jpg\" class=\"attachment-full size-full wp-image-95\" alt=\"\" \/><\/figure><div class=\"elementor-image-box-content\"><h3 class=\"elementor-image-box-title\">Abastecimento Interno<\/h3><p class=\"elementor-image-box-description\">No Apontamento de Abastecimento controle os combust\u00edveis fazendo baixa autom\u00e1tica do estoque. Fa\u00e7a a Gest\u00e3o por Relat\u00f3rios, Dashboards, Calend\u00e1rio e Mapa<\/p><\/div><\/div>\t\t<\/div>\n\t\t\t\t<\/div>\n\t\t\t\t<div class=\"elementor-element elementor-element-f9175a0 elementor-position-left elementor-vertical-align-top elementor-widget elementor-widget-image-box\" data-id=\"f9175a0\" data-element_type=\"widget\" data-widget_type=\"image-box.default\">\n\t\t\t\t<div class=\"elementor-widget-container\">\n\t\t\t<div class=\"elementor-image-box-wrapper\"><figure class=\"elementor-image-box-img\"><img decoding=\"async\" width=\"80\" height=\"120\" src=\"https:\/\/rcbsystem.com.br\/wp-content\/uploads\/2022\/12\/pastilha_Abastecimento_Externo_1.jpg\" class=\"attachment-full size-full wp-image-139\" alt=\"\" \/><\/figure><div class=\"elementor-image-box-content\"><h3 class=\"elementor-image-box-title\">Abastecimento Externo<\/h3><p class=\"elementor-image-box-description\">Controle os Abastecimentos Externos. Fa\u00e7a a Gest\u00e3o por Relat\u00f3rios, Dashboards, Calendario e Mapa<\/p><\/div><\/div>\t\t<\/div>\n\t\t\t\t<\/div>\n\t\t\t\t<div class=\"elementor-element elementor-element-c40ac22 elementor-position-right elementor-vertical-align-top elementor-widget elementor-widget-image-box\" data-id=\"c40ac22\" data-element_type=\"widget\" data-widget_type=\"image-box.default\">\n\t\t\t\t<div class=\"elementor-widget-container\">\n\t\t\t<div class=\"elementor-image-box-wrapper\"><figure class=\"elementor-image-box-img\"><img loading=\"lazy\" decoding=\"async\" width=\"80\" height=\"120\" src=\"https:\/\/rcbsystem.com.br\/wp-content\/uploads\/2022\/12\/pastilha_Lubrificante_1.jpg\" class=\"attachment-full size-full wp-image-86\" alt=\"\" \/><\/figure><div class=\"elementor-image-box-content\"><h3 class=\"elementor-image-box-title\">Lubrifica\u00e7\u00e3o Interno<\/h3><p class=\"elementor-image-box-description\">No Apontamento de Lubrifica\u00e7\u00e3o controle os lubrificantes, fazendo baixa autom\u00e1tica do estoque. Fa\u00e7a a Gest\u00e3o por Relat\u00f3rios, Dashboards, Calend\u00e1rio e Mapa<\/p><\/div><\/div>\t\t<\/div>\n\t\t\t\t<\/div>\n\t\t\t\t<div class=\"elementor-element elementor-element-c390184 elementor-position-left elementor-vertical-align-top elementor-widget elementor-widget-image-box\" data-id=\"c390184\" data-element_type=\"widget\" data-widget_type=\"image-box.default\">\n\t\t\t\t<div class=\"elementor-widget-container\">\n\t\t\t<div class=\"elementor-image-box-wrapper\"><figure class=\"elementor-image-box-img\"><img loading=\"lazy\" decoding=\"async\" width=\"80\" height=\"120\" src=\"https:\/\/rcbsystem.com.br\/wp-content\/uploads\/2022\/12\/pastilha_Lubrificante_Externo_1.jpg\" class=\"attachment-full size-full wp-image-96\" alt=\"\" \/><\/figure><div class=\"elementor-image-box-content\"><h3 class=\"elementor-image-box-title\">Lubrifica\u00e7\u00e3o Externa<\/h3><p class=\"elementor-image-box-description\">Controle as Lubrifica\u00e7\u00f5es Externas. Fa\u00e7a a Gest\u00e3o por Relat\u00f3rios, Dashboards, Calendario e Mapa<\/p><\/div><\/div>\t\t<\/div>\n\t\t\t\t<\/div>\n\t\t\t\t<div class=\"elementor-element elementor-element-37953d5 elementor-position-right elementor-vertical-align-top elementor-widget elementor-widget-image-box\" data-id=\"37953d5\" data-element_type=\"widget\" data-widget_type=\"image-box.default\">\n\t\t\t\t<div class=\"elementor-widget-container\">\n\t\t\t<div class=\"elementor-image-box-wrapper\"><figure class=\"elementor-image-box-img\"><img loading=\"lazy\" decoding=\"async\" width=\"80\" height=\"120\" src=\"https:\/\/rcbsystem.com.br\/wp-content\/uploads\/2022\/12\/pastilha_Ordem_Servico_3.jpg\" class=\"attachment-full size-full wp-image-87\" alt=\"\" \/><\/figure><div class=\"elementor-image-box-content\"><h3 class=\"elementor-image-box-title\">Ordem de Servi\u00e7o Interna<\/h3><p class=\"elementor-image-box-description\">Gere Ordem de Servi\u00e7o fazendo baixa autom\u00e1tica dos itens em estoque e controle do tempo de trabalho dos colaboradores. Fa\u00e7a a Gest\u00e3o por Relat\u00f3rios, Dashboards, Calend\u00e1rio e Mapa<\/p><\/div><\/div>\t\t<\/div>\n\t\t\t\t<\/div>\n\t\t\t\t<div class=\"elementor-element elementor-element-9286b03 elementor-position-left elementor-vertical-align-top elementor-widget elementor-widget-image-box\" data-id=\"9286b03\" data-element_type=\"widget\" data-widget_type=\"image-box.default\">\n\t\t\t\t<div class=\"elementor-widget-container\">\n\t\t\t<div class=\"elementor-image-box-wrapper\"><figure class=\"elementor-image-box-img\"><img loading=\"lazy\" decoding=\"async\" width=\"80\" height=\"120\" src=\"https:\/\/rcbsystem.com.br\/wp-content\/uploads\/2022\/12\/pastilha_Ordem_Servico_Externo_1.jpg\" class=\"attachment-full size-full wp-image-85\" alt=\"\" \/><\/figure><div class=\"elementor-image-box-content\"><h3 class=\"elementor-image-box-title\">Ordem de Servi\u00e7o Externa<\/h3><p class=\"elementor-image-box-description\">Controle das Ordens de Servi\u00e7o geradas Externamente. Fa\u00e7a a Gest\u00e3o por Relat\u00f3rios, Dashboards, Calend\u00e1rio e Mapa<\/p><\/div><\/div>\t\t<\/div>\n\t\t\t\t<\/div>\n\t\t\t\t<div class=\"elementor-element elementor-element-f6596de elementor-position-right elementor-vertical-align-top elementor-widget elementor-widget-image-box\" data-id=\"f6596de\" data-element_type=\"widget\" data-widget_type=\"image-box.default\">\n\t\t\t\t<div class=\"elementor-widget-container\">\n\t\t\t<div class=\"elementor-image-box-wrapper\"><figure class=\"elementor-image-box-img\"><img loading=\"lazy\" decoding=\"async\" width=\"80\" height=\"120\" src=\"https:\/\/rcbsystem.com.br\/wp-content\/uploads\/2022\/12\/pastilha_Pneu_1.jpg\" class=\"attachment-full size-full wp-image-101\" alt=\"\" \/><\/figure><div class=\"elementor-image-box-content\"><h3 class=\"elementor-image-box-title\">Pneu<\/h3><p class=\"elementor-image-box-description\">Fa\u00e7a o controle dos Pneus nos Equipamentos. Fa\u00e7a a Gest\u00e3o por Relat\u00f3rios, Dashboards, Calend\u00e1rio e Mapa<\/p><\/div><\/div>\t\t<\/div>\n\t\t\t\t<\/div>\n\t\t\t\t<div class=\"elementor-element elementor-element-f74f43d elementor-position-left elementor-vertical-align-top elementor-widget elementor-widget-image-box\" data-id=\"f74f43d\" data-element_type=\"widget\" data-widget_type=\"image-box.default\">\n\t\t\t\t<div class=\"elementor-widget-container\">\n\t\t\t<div class=\"elementor-image-box-wrapper\"><figure class=\"elementor-image-box-img\"><img loading=\"lazy\" decoding=\"async\" width=\"50\" height=\"55\" src=\"https:\/\/rcbsystem.com.br\/wp-content\/uploads\/2022\/12\/pastilha_Pneu_Calibracao_1.jpg\" class=\"attachment-full size-full wp-image-250\" alt=\"\" \/><\/figure><div class=\"elementor-image-box-content\"><h3 class=\"elementor-image-box-title\">Calibra\u00e7\u00e3o de Pneu<\/h3><p class=\"elementor-image-box-description\">Ficha de Apontamento de Calibra\u00e7\u00e3o de Pneus. Fa\u00e7a a Gest\u00e3o por Relat\u00f3rios, Dashboards, Calend\u00e1rio e Mapa<\/p><\/div><\/div>\t\t<\/div>\n\t\t\t\t<\/div>\n\t\t\t\t<div class=\"elementor-element elementor-element-6fda670 elementor-position-right elementor-vertical-align-top elementor-widget elementor-widget-image-box\" data-id=\"6fda670\" data-element_type=\"widget\" data-widget_type=\"image-box.default\">\n\t\t\t\t<div class=\"elementor-widget-container\">\n\t\t\t<div class=\"elementor-image-box-wrapper\"><figure class=\"elementor-image-box-img\"><img loading=\"lazy\" decoding=\"async\" width=\"50\" height=\"55\" src=\"https:\/\/rcbsystem.com.br\/wp-content\/uploads\/2022\/12\/pastilha_Pneu_Medicao_Sulco_1.jpg\" class=\"attachment-full size-full wp-image-249\" alt=\"\" \/><\/figure><div class=\"elementor-image-box-content\"><h3 class=\"elementor-image-box-title\">Medi\u00e7\u00e3o de Sulco de Pneu<\/h3><p class=\"elementor-image-box-description\">Ficha de Apontamento de Sulco de Pneus. Fa\u00e7a a Gest\u00e3o por Relat\u00f3rios, Dashboards, Calend\u00e1rio e Mapa<\/p><\/div><\/div>\t\t<\/div>\n\t\t\t\t<\/div>\n\t\t\t\t<div class=\"elementor-element elementor-element-11854fe elementor-position-left elementor-vertical-align-top elementor-widget elementor-widget-image-box\" data-id=\"11854fe\" data-element_type=\"widget\" data-widget_type=\"image-box.default\">\n\t\t\t\t<div class=\"elementor-widget-container\">\n\t\t\t<div class=\"elementor-image-box-wrapper\"><figure class=\"elementor-image-box-img\"><img loading=\"lazy\" decoding=\"async\" width=\"50\" height=\"55\" src=\"https:\/\/rcbsystem.com.br\/wp-content\/uploads\/2022\/12\/pastilha_Pneu_Rodizio_1.jpg\" class=\"attachment-full size-full wp-image-248\" alt=\"\" \/><\/figure><div class=\"elementor-image-box-content\"><h3 class=\"elementor-image-box-title\">Rodizio de Pneu<\/h3><p class=\"elementor-image-box-description\">Ficha de Apontamento do Rodizio de Pneus. Fa\u00e7a a Gest\u00e3o por Relat\u00f3rios, Dashboards, Calend\u00e1rio e Mapa<\/p><\/div><\/div>\t\t<\/div>\n\t\t\t\t<\/div>\n\t\t\t\t\t<\/div>\n\t\t<\/div>\n\t\t\t\t\t<\/div>\n\t\t<\/section>\n\t\t\t\t<\/div>\n\t\t","protected":false},"excerpt":{"rendered":"<p>O RCBAutomotivo \u00e9 um subsistema com m\u00f3dulos para gest\u00e3o das Manuten\u00e7\u00f5es e Controle de Custos dos Equipamentos. Equipamento Fa\u00e7a o cadastro dos equipamentos, controlando toda a estrutura, avatares e tipos de compartimento. Fa\u00e7a a Gest\u00e3o por Relat\u00f3rios, Dashboards, Calend\u00e1rio e Mapa Abastecimento Interno No Apontamento de Abastecimento controle os combust\u00edveis fazendo baixa autom\u00e1tica do estoque. Fa\u00e7a a Gest\u00e3o por Relat\u00f3rios, Dashboards, Calend\u00e1rio e Mapa Abastecimento Externo Controle os Abastecimentos Externos. Fa\u00e7a a Gest\u00e3o por Relat\u00f3rios, Dashboards, Calendario e Mapa Lubrifica\u00e7\u00e3o Interno No Apontamento de Lubrifica\u00e7\u00e3o controle os lubrificantes, fazendo baixa autom\u00e1tica do estoque. Fa\u00e7a a Gest\u00e3o por Relat\u00f3rios, Dashboards, Calend\u00e1rio e Mapa Lubrifica\u00e7\u00e3o Externa Controle as Lubrifica\u00e7\u00f5es Externas. Fa\u00e7a a Gest\u00e3o por Relat\u00f3rios, Dashboards, Calendario e Mapa Ordem de Servi\u00e7o Interna Gere Ordem de Servi\u00e7o fazendo baixa autom\u00e1tica dos itens em estoque e controle do tempo de trabalho dos colaboradores. Fa\u00e7a a Gest\u00e3o por Relat\u00f3rios, Dashboards, Calend\u00e1rio e Mapa Ordem de Servi\u00e7o Externa Controle das Ordens de Servi\u00e7o geradas Externamente. Fa\u00e7a a Gest\u00e3o por Relat\u00f3rios, Dashboards, Calend\u00e1rio e Mapa Pneu Fa\u00e7a o controle dos Pneus nos Equipamentos. Fa\u00e7a a Gest\u00e3o por Relat\u00f3rios, Dashboards, Calend\u00e1rio e Mapa Calibra\u00e7\u00e3o de Pneu Ficha de Apontamento de Calibra\u00e7\u00e3o de Pneus. Fa\u00e7a a Gest\u00e3o por Relat\u00f3rios, Dashboards, Calend\u00e1rio e Mapa Medi\u00e7\u00e3o de Sulco de Pneu Ficha de Apontamento de Sulco de Pneus. Fa\u00e7a a Gest\u00e3o por Relat\u00f3rios, Dashboards, Calend\u00e1rio e Mapa Rodizio de Pneu Ficha de Apontamento do Rodizio de Pneus. Fa\u00e7a a Gest\u00e3o por Relat\u00f3rios, Dashboards, Calend\u00e1rio e Mapa<\/p>\n","protected":false},"author":1,"featured_media":0,"parent":0,"menu_order":0,"comment_status":"closed","ping_status":"closed","template":"","meta":{"_eb_attr":"","footnotes":""},"class_list":["post-16","page","type-page","status-publish","hentry"],"_links":{"self":[{"href":"https:\/\/rcbsystem.com.br\/index.php?rest_route=\/wp\/v2\/pages\/16","targetHints":{"allow":["GET"]}}],"collection":[{"href":"https:\/\/rcbsystem.com.br\/index.php?rest_route=\/wp\/v2\/pages"}],"about":[{"href":"https:\/\/rcbsystem.com.br\/index.php?rest_route=\/wp\/v2\/types\/page"}],"author":[{"embeddable":true,"href":"https:\/\/rcbsystem.com.br\/index.php?rest_route=\/wp\/v2\/users\/1"}],"replies":[{"embeddable":true,"href":"https:\/\/rcbsystem.com.br\/index.php?rest_route=%2Fwp%2Fv2%2Fcomments&post=16"}],"version-history":[{"count":0,"href":"https:\/\/rcbsystem.com.br\/index.php?rest_route=\/wp\/v2\/pages\/16\/revisions"}],"wp:attachment":[{"href":"https:\/\/rcbsystem.com.br\/index.php?rest_route=%2Fwp%2Fv2%2Fmedia&parent=16"}],"curies":[{"name":"wp","href":"https:\/\/api.w.org\/{rel}","templated":true}]}}