{"id":18,"date":"2022-12-24T10:36:32","date_gmt":"2022-12-24T10:36:32","guid":{"rendered":"https:\/\/rcbsystem.com\/sitewp\/?page_id=18"},"modified":"2022-12-24T10:36:32","modified_gmt":"2022-12-24T10:36:32","slug":"rcbsystem","status":"publish","type":"page","link":"https:\/\/rcbsystem.com.br\/?page_id=18","title":{"rendered":"RCBSystem"},"content":{"rendered":"\t\t<div data-elementor-type=\"wp-page\" data-elementor-id=\"18\" class=\"elementor elementor-18\">\n\t\t\t\t\t\t<section class=\"elementor-section elementor-top-section elementor-element elementor-element-8c1bd9f elementor-section-boxed elementor-section-height-default elementor-section-height-default\" data-id=\"8c1bd9f\" data-element_type=\"section\">\n\t\t\t\t\t\t<div class=\"elementor-container elementor-column-gap-default\">\n\t\t\t\t\t<div class=\"elementor-column elementor-col-100 elementor-top-column elementor-element elementor-element-0ddf521\" data-id=\"0ddf521\" data-element_type=\"column\">\n\t\t\t<div class=\"elementor-widget-wrap elementor-element-populated\">\n\t\t\t\t\t\t<div class=\"elementor-element elementor-element-5a88478 elementor-widget elementor-widget-text-editor\" data-id=\"5a88478\" data-element_type=\"widget\" data-widget_type=\"text-editor.default\">\n\t\t\t\t<div class=\"elementor-widget-container\">\n\t\t\t\t\t\t\t<p>O RCBSystem \u00e9 um conjunto de solu\u00e7\u00f5es para a gest\u00e3o de todo o sistema, com m\u00f3dulos que facilitam a gest\u00e3o interna.<\/p>\t\t\t\t\t\t<\/div>\n\t\t\t\t<\/div>\n\t\t\t\t\t<\/div>\n\t\t<\/div>\n\t\t\t\t\t<\/div>\n\t\t<\/section>\n\t\t\t\t<section class=\"elementor-section elementor-top-section elementor-element elementor-element-459fc40 elementor-section-boxed elementor-section-height-default elementor-section-height-default\" data-id=\"459fc40\" data-element_type=\"section\">\n\t\t\t\t\t\t<div class=\"elementor-container elementor-column-gap-default\">\n\t\t\t\t\t<div class=\"elementor-column elementor-col-100 elementor-top-column elementor-element elementor-element-bda965c\" data-id=\"bda965c\" data-element_type=\"column\">\n\t\t\t<div class=\"elementor-widget-wrap elementor-element-populated\">\n\t\t\t\t\t\t<div class=\"elementor-element elementor-element-7a84307 elementor-position-left elementor-vertical-align-top elementor-widget elementor-widget-image-box\" data-id=\"7a84307\" data-element_type=\"widget\" data-widget_type=\"image-box.default\">\n\t\t\t\t<div class=\"elementor-widget-container\">\n\t\t\t<div class=\"elementor-image-box-wrapper\"><figure class=\"elementor-image-box-img\"><img decoding=\"async\" width=\"80\" height=\"120\" src=\"https:\/\/rcbsystem.com.br\/wp-content\/uploads\/2022\/12\/pastilha_Usuario_1.png\" class=\"attachment-full size-full wp-image-140\" alt=\"\" \/><\/figure><div class=\"elementor-image-box-content\"><h3 class=\"elementor-image-box-title\">Controle de Usu\u00e1rios<\/h3><p class=\"elementor-image-box-description\">Fa\u00e7a o controle dos usu\u00e1rios, fornecendo login de acesso ao sistema, ao portal ou ao webservice para comunica\u00e7\u00e3o externa com outros aplicativos. Fa\u00e7a a gest\u00e3o por Relat\u00f3rios, Dashboards, Calend\u00e1rios ou Mapas.<\/p><\/div><\/div>\t\t<\/div>\n\t\t\t\t<\/div>\n\t\t\t\t<div class=\"elementor-element elementor-element-ec0adea elementor-position-right elementor-vertical-align-top elementor-widget elementor-widget-image-box\" data-id=\"ec0adea\" data-element_type=\"widget\" data-widget_type=\"image-box.default\">\n\t\t\t\t<div class=\"elementor-widget-container\">\n\t\t\t<div class=\"elementor-image-box-wrapper\"><figure class=\"elementor-image-box-img\"><img decoding=\"async\" width=\"50\" height=\"55\" src=\"https:\/\/rcbsystem.com.br\/wp-content\/uploads\/2022\/12\/pastilha_Configuracao_1.png\" class=\"attachment-full size-full wp-image-336\" alt=\"\" \/><\/figure><div class=\"elementor-image-box-content\"><h3 class=\"elementor-image-box-title\">Customiza\u00e7\u00e3o<\/h3><p class=\"elementor-image-box-description\">O m\u00f3dulo de customiza\u00e7\u00e3o guarda todas as vari\u00e1veis de customiza\u00e7\u00e3o de cada usu\u00e1rio. Fa\u00e7a a gest\u00e3o por Relat\u00f3rios e Dashboards<\/p><\/div><\/div>\t\t<\/div>\n\t\t\t\t<\/div>\n\t\t\t\t<div class=\"elementor-element elementor-element-eedd4f6 elementor-position-left elementor-vertical-align-top elementor-widget elementor-widget-image-box\" data-id=\"eedd4f6\" data-element_type=\"widget\" data-widget_type=\"image-box.default\">\n\t\t\t\t<div class=\"elementor-widget-container\">\n\t\t\t<div class=\"elementor-image-box-wrapper\"><figure class=\"elementor-image-box-img\"><img decoding=\"async\" width=\"50\" height=\"55\" src=\"https:\/\/rcbsystem.com.br\/wp-content\/uploads\/2022\/12\/pastilha_Parametro_1.png\" class=\"attachment-full size-full wp-image-337\" alt=\"\" \/><\/figure><div class=\"elementor-image-box-content\"><h3 class=\"elementor-image-box-title\">Par\u00e2metro<\/h3><p class=\"elementor-image-box-description\">O m\u00f3dulo de par\u00e2metro guarda todos os par\u00e2metros da plataforma. Fa\u00e7a a gest\u00e3o por Relat\u00f3rios e Dashboards.<\/p><\/div><\/div>\t\t<\/div>\n\t\t\t\t<\/div>\n\t\t\t\t<div class=\"elementor-element elementor-element-f210e4c elementor-position-right elementor-vertical-align-top elementor-widget elementor-widget-image-box\" data-id=\"f210e4c\" data-element_type=\"widget\" data-widget_type=\"image-box.default\">\n\t\t\t\t<div class=\"elementor-widget-container\">\n\t\t\t<div class=\"elementor-image-box-wrapper\"><figure class=\"elementor-image-box-img\"><img loading=\"lazy\" decoding=\"async\" width=\"80\" height=\"120\" src=\"https:\/\/rcbsystem.com.br\/wp-content\/uploads\/2022\/12\/pastilha_UsuarioGrupo_1.png\" class=\"attachment-full size-full wp-image-147\" alt=\"\" \/><\/figure><div class=\"elementor-image-box-content\"><h3 class=\"elementor-image-box-title\">Grupo de Acesso<\/h3><p class=\"elementor-image-box-description\">Crie grupos de acessos aos m\u00f3dulos e limite aos usu\u00e1rios. Fa\u00e7a a gest\u00e3o por Relat\u00f3rios e Dashboards<\/p><\/div><\/div>\t\t<\/div>\n\t\t\t\t<\/div>\n\t\t\t\t<div class=\"elementor-element elementor-element-ab61426 elementor-position-left elementor-vertical-align-top elementor-widget elementor-widget-image-box\" data-id=\"ab61426\" data-element_type=\"widget\" data-widget_type=\"image-box.default\">\n\t\t\t\t<div class=\"elementor-widget-container\">\n\t\t\t<div class=\"elementor-image-box-wrapper\"><figure class=\"elementor-image-box-img\"><img loading=\"lazy\" decoding=\"async\" width=\"80\" height=\"120\" src=\"https:\/\/rcbsystem.com.br\/wp-content\/uploads\/2022\/12\/pastilha_SubSistema_1.png\" class=\"attachment-full size-full wp-image-148\" alt=\"\" \/><\/figure><div class=\"elementor-image-box-content\"><h3 class=\"elementor-image-box-title\">Subsistemas<\/h3><p class=\"elementor-image-box-description\">Os Subsitemas s\u00e3o divis\u00f5es de \u00e1reas da plataforma que \u00e9 composto por m\u00f3dulos. Fa\u00e7a a gest\u00e3o por Relat\u00f3rios e Dashboards.<\/p><\/div><\/div>\t\t<\/div>\n\t\t\t\t<\/div>\n\t\t\t\t<div class=\"elementor-element elementor-element-53aa047 elementor-position-right elementor-vertical-align-top elementor-widget elementor-widget-image-box\" data-id=\"53aa047\" data-element_type=\"widget\" data-widget_type=\"image-box.default\">\n\t\t\t\t<div class=\"elementor-widget-container\">\n\t\t\t<div class=\"elementor-image-box-wrapper\"><figure class=\"elementor-image-box-img\"><img loading=\"lazy\" decoding=\"async\" width=\"80\" height=\"120\" src=\"https:\/\/rcbsystem.com.br\/wp-content\/uploads\/2022\/12\/pastilha_Modulo_1.png\" class=\"attachment-full size-full wp-image-141\" alt=\"\" \/><\/figure><div class=\"elementor-image-box-content\"><h3 class=\"elementor-image-box-title\">M\u00f3dulos<\/h3><p class=\"elementor-image-box-description\">Os m\u00f3dulos s\u00e3o locais de cadastros, apontamentos ou gest\u00f5es que alimentam toda a base de dados. Fa\u00e7a a gest\u00e3o por Relat\u00f3rios, Dashboards e Calend\u00e1rios.<\/p><\/div><\/div>\t\t<\/div>\n\t\t\t\t<\/div>\n\t\t\t\t<div class=\"elementor-element elementor-element-3808b87 elementor-position-left elementor-vertical-align-middle elementor-widget elementor-widget-image-box\" data-id=\"3808b87\" data-element_type=\"widget\" data-widget_type=\"image-box.default\">\n\t\t\t\t<div class=\"elementor-widget-container\">\n\t\t\t<div class=\"elementor-image-box-wrapper\"><figure class=\"elementor-image-box-img\"><img loading=\"lazy\" decoding=\"async\" width=\"50\" height=\"55\" src=\"https:\/\/rcbsystem.com.br\/wp-content\/uploads\/2022\/12\/pastilha_Controle_Acesso_1.jpg\" class=\"attachment-full size-full wp-image-331\" alt=\"\" \/><\/figure><div class=\"elementor-image-box-content\"><h3 class=\"elementor-image-box-title\">Controle de Acesso<\/h3><p class=\"elementor-image-box-description\">O Controle de Acesso est\u00e1 relacionado direto com os tipos de acesso que um m\u00f3dulo pode ter. Fa\u00e7a a gest\u00e3o por Relat\u00f3rios e Dashboards.<\/p><\/div><\/div>\t\t<\/div>\n\t\t\t\t<\/div>\n\t\t\t\t<div class=\"elementor-element elementor-element-bea3031 elementor-position-right elementor-vertical-align-middle elementor-widget elementor-widget-image-box\" data-id=\"bea3031\" data-element_type=\"widget\" data-widget_type=\"image-box.default\">\n\t\t\t\t<div class=\"elementor-widget-container\">\n\t\t\t<div class=\"elementor-image-box-wrapper\"><figure class=\"elementor-image-box-img\"><img loading=\"lazy\" decoding=\"async\" width=\"50\" height=\"55\" src=\"https:\/\/rcbsystem.com.br\/wp-content\/uploads\/2022\/12\/pastilha_Controle_AcessoXModulos_1.jpg\" class=\"attachment-full size-full wp-image-100\" alt=\"\" \/><\/figure><div class=\"elementor-image-box-content\"><h3 class=\"elementor-image-box-title\">Controle de Acesso X M\u00f3dulos<\/h3><p class=\"elementor-image-box-description\">O Controle de Acesso X M\u00f3dulos s\u00e3o as identifica\u00e7\u00f5es de acesso que um m\u00f3dulo pode ter. Fa\u00e7a a gest\u00e3o por Relat\u00f3rios e Dashboards.<\/p><\/div><\/div>\t\t<\/div>\n\t\t\t\t<\/div>\n\t\t\t\t<div class=\"elementor-element elementor-element-7eb136c elementor-position-left elementor-vertical-align-middle elementor-widget elementor-widget-image-box\" data-id=\"7eb136c\" data-element_type=\"widget\" data-widget_type=\"image-box.default\">\n\t\t\t\t<div class=\"elementor-widget-container\">\n\t\t\t<div class=\"elementor-image-box-wrapper\"><figure class=\"elementor-image-box-img\"><img loading=\"lazy\" decoding=\"async\" width=\"80\" height=\"120\" src=\"https:\/\/rcbsystem.com.br\/wp-content\/uploads\/2022\/12\/pastilha_Controle_AcessoXModulosXUsuario_1-1.jpg\" class=\"attachment-full size-full wp-image-103\" alt=\"\" \/><\/figure><div class=\"elementor-image-box-content\"><h3 class=\"elementor-image-box-title\">Controle de Acesso X M\u00f3dulos X Usu\u00e1rios<\/h3><p class=\"elementor-image-box-description\">No grupo de acesso onde \u00e9 poss\u00edvel dar acesso ao usu\u00e1rio a um determinado m\u00f3dulo, n\u00e3o \u00e9 poss\u00edvel a libera\u00e7\u00e3o de acesso aos recursos do m\u00f3dulo, o controle de acesso x m\u00f3dulos x usu\u00e1rio que ir\u00e1 liberar os tipos de acesso que o usu\u00e1rio pode ter dentro do m\u00f3dulo. Fa\u00e7a a gest\u00e3o por Relat\u00f3rios e Dashboards.<\/p><\/div><\/div>\t\t<\/div>\n\t\t\t\t<\/div>\n\t\t\t\t<div class=\"elementor-element elementor-element-7dbfaec elementor-position-right elementor-vertical-align-middle elementor-widget elementor-widget-image-box\" data-id=\"7dbfaec\" data-element_type=\"widget\" data-widget_type=\"image-box.default\">\n\t\t\t\t<div class=\"elementor-widget-container\">\n\t\t\t<div class=\"elementor-image-box-wrapper\"><figure class=\"elementor-image-box-img\"><img loading=\"lazy\" decoding=\"async\" width=\"50\" height=\"55\" src=\"https:\/\/rcbsystem.com.br\/wp-content\/uploads\/2022\/12\/pastilha_Arquivo_Imagem_1.jpg\" class=\"attachment-full size-full wp-image-136\" alt=\"\" \/><\/figure><div class=\"elementor-image-box-content\"><h3 class=\"elementor-image-box-title\">Arquivos de Imagem<\/h3><p class=\"elementor-image-box-description\">Fa\u00e7a o gest\u00e3o das imagens da plataforma. Fa\u00e7a a gest\u00e3o por Relat\u00f3rios e Dashboards.<\/p><\/div><\/div>\t\t<\/div>\n\t\t\t\t<\/div>\n\t\t\t\t<div class=\"elementor-element elementor-element-a6934d4 elementor-position-left elementor-vertical-align-middle elementor-widget elementor-widget-image-box\" data-id=\"a6934d4\" data-element_type=\"widget\" data-widget_type=\"image-box.default\">\n\t\t\t\t<div class=\"elementor-widget-container\">\n\t\t\t<div class=\"elementor-image-box-wrapper\"><figure class=\"elementor-image-box-img\"><img loading=\"lazy\" decoding=\"async\" width=\"50\" height=\"55\" src=\"https:\/\/rcbsystem.com.br\/wp-content\/uploads\/2022\/12\/pastilha_Arquivo_Relatorio_1.jpg\" class=\"attachment-full size-full wp-image-135\" alt=\"\" \/><\/figure><div class=\"elementor-image-box-content\"><h3 class=\"elementor-image-box-title\">Arquivos de Relat\u00f3rios<\/h3><p class=\"elementor-image-box-description\">Adicione novos modelos de arquivos para a customiza\u00e7\u00e3o dos relat\u00f3rios. Fa\u00e7a a gest\u00e3o por Relat\u00f3rios e Dashboards.<\/p><\/div><\/div>\t\t<\/div>\n\t\t\t\t<\/div>\n\t\t\t\t<div class=\"elementor-element elementor-element-718a50b elementor-position-right elementor-vertical-align-middle elementor-widget elementor-widget-image-box\" data-id=\"718a50b\" data-element_type=\"widget\" data-widget_type=\"image-box.default\">\n\t\t\t\t<div class=\"elementor-widget-container\">\n\t\t\t<div class=\"elementor-image-box-wrapper\"><figure class=\"elementor-image-box-img\"><img loading=\"lazy\" decoding=\"async\" width=\"80\" height=\"120\" src=\"https:\/\/rcbsystem.com.br\/wp-content\/uploads\/2022\/12\/pastilha_Conexao_1.png\" class=\"attachment-full size-full wp-image-146\" alt=\"\" \/><\/figure><div class=\"elementor-image-box-content\"><h3 class=\"elementor-image-box-title\">Conex\u00e3o<\/h3><p class=\"elementor-image-box-description\">Crie conex\u00f5es com outras base de dados e gere consultas. Fa\u00e7a a gest\u00e3o por Relat\u00f3rios e Dashboards.<\/p><\/div><\/div>\t\t<\/div>\n\t\t\t\t<\/div>\n\t\t\t\t<div class=\"elementor-element elementor-element-d6df185 elementor-position-left elementor-vertical-align-middle elementor-widget elementor-widget-image-box\" data-id=\"d6df185\" data-element_type=\"widget\" data-widget_type=\"image-box.default\">\n\t\t\t\t<div class=\"elementor-widget-container\">\n\t\t\t<div class=\"elementor-image-box-wrapper\"><figure class=\"elementor-image-box-img\"><img loading=\"lazy\" decoding=\"async\" width=\"80\" height=\"120\" src=\"https:\/\/rcbsystem.com.br\/wp-content\/uploads\/2022\/12\/pastilha_SQL_3.png\" class=\"attachment-full size-full wp-image-332\" alt=\"\" \/><\/figure><div class=\"elementor-image-box-content\"><h3 class=\"elementor-image-box-title\">Executor de Consultas<\/h3><p class=\"elementor-image-box-description\">Crie consultas baseado nas conex\u00f5es e transforme os resultados em Relat\u00f3rios, Dashboards, Apresenta\u00e7\u00e3o em Mapa, Calend\u00e1rio ou disponibilize via Webservice para que outros aplicativos possam consumir os dados. Fa\u00e7a a gest\u00e3o por Relat\u00f3rios e Dashboards.<\/p><\/div><\/div>\t\t<\/div>\n\t\t\t\t<\/div>\n\t\t\t\t<div class=\"elementor-element elementor-element-d476eaf elementor-position-right elementor-vertical-align-middle elementor-widget elementor-widget-image-box\" data-id=\"d476eaf\" data-element_type=\"widget\" data-widget_type=\"image-box.default\">\n\t\t\t\t<div class=\"elementor-widget-container\">\n\t\t\t<div class=\"elementor-image-box-wrapper\"><figure class=\"elementor-image-box-img\"><img loading=\"lazy\" decoding=\"async\" width=\"80\" height=\"120\" src=\"https:\/\/rcbsystem.com.br\/wp-content\/uploads\/2022\/12\/pastilha_Dashboard_3.jpg\" class=\"attachment-full size-full wp-image-98\" alt=\"\" \/><\/figure><div class=\"elementor-image-box-content\"><h3 class=\"elementor-image-box-title\">Dashboard<\/h3><p class=\"elementor-image-box-description\">Crie dashboards apresentativos para telas diversas com recursos de troca din\u00e2mica de cen\u00e1rios ou dashboards operacionais e com controle de acesso por usu\u00e1rio. Fa\u00e7a a gest\u00e3o por Relat\u00f3rios e Dashboards.<\/p><\/div><\/div>\t\t<\/div>\n\t\t\t\t<\/div>\n\t\t\t\t<div class=\"elementor-element elementor-element-d1509c7 elementor-position-left elementor-vertical-align-middle elementor-widget elementor-widget-image-box\" data-id=\"d1509c7\" data-element_type=\"widget\" data-widget_type=\"image-box.default\">\n\t\t\t\t<div class=\"elementor-widget-container\">\n\t\t\t<div class=\"elementor-image-box-wrapper\"><figure class=\"elementor-image-box-img\"><img loading=\"lazy\" decoding=\"async\" width=\"80\" height=\"120\" src=\"https:\/\/rcbsystem.com.br\/wp-content\/uploads\/2022\/12\/pastilha_Cenario_1.jpg\" class=\"attachment-full size-full wp-image-108\" alt=\"\" \/><\/figure><div class=\"elementor-image-box-content\"><h3 class=\"elementor-image-box-title\">Cen\u00e1rio<\/h3><p class=\"elementor-image-box-description\">Os cen\u00e1rios s\u00e3o partes do dashboard que \u00e9 composto por pastilhas de gr\u00e1ficos, um cen\u00e1rio pode ser adicionado a um ou mais dashboard e tamb\u00e9m tem o controle de acesso por usu\u00e1rio. Fa\u00e7a a gest\u00e3o por Relat\u00f3rios e Dashboards.<\/p><\/div><\/div>\t\t<\/div>\n\t\t\t\t<\/div>\n\t\t\t\t<div class=\"elementor-element elementor-element-f64d964 elementor-position-right elementor-vertical-align-middle elementor-widget elementor-widget-image-box\" data-id=\"f64d964\" data-element_type=\"widget\" data-widget_type=\"image-box.default\">\n\t\t\t\t<div class=\"elementor-widget-container\">\n\t\t\t<div class=\"elementor-image-box-wrapper\"><figure class=\"elementor-image-box-img\"><img loading=\"lazy\" decoding=\"async\" width=\"80\" height=\"120\" src=\"https:\/\/rcbsystem.com.br\/wp-content\/uploads\/2022\/12\/pastilha_Pastilha_1.png\" class=\"attachment-full size-full wp-image-333\" alt=\"\" \/><\/figure><div class=\"elementor-image-box-content\"><h3 class=\"elementor-image-box-title\">Pastilha<\/h3><p class=\"elementor-image-box-description\">As pastilhas s\u00e3o desenhadas por uma \u00e1rea de controle  e seu resultado \u00e9 baseado em uma consulta, elas podem ser adicionadas para um ou mais cen\u00e1rios e tamb\u00e9m tem o controle de acesso por usu\u00e1rio. Fa\u00e7a a gest\u00e3o por Relat\u00f3rios e Dashboards.<\/p><\/div><\/div>\t\t<\/div>\n\t\t\t\t<\/div>\n\t\t\t\t<div class=\"elementor-element elementor-element-dd8cba4 elementor-position-left elementor-vertical-align-middle elementor-widget elementor-widget-image-box\" data-id=\"dd8cba4\" data-element_type=\"widget\" data-widget_type=\"image-box.default\">\n\t\t\t\t<div class=\"elementor-widget-container\">\n\t\t\t<div class=\"elementor-image-box-wrapper\"><figure class=\"elementor-image-box-img\"><img loading=\"lazy\" decoding=\"async\" width=\"50\" height=\"55\" src=\"https:\/\/rcbsystem.com.br\/wp-content\/uploads\/2022\/12\/pastilha_Dicionario_Objeto_1.png\" class=\"attachment-full size-full wp-image-334\" alt=\"\" \/><\/figure><div class=\"elementor-image-box-content\"><h3 class=\"elementor-image-box-title\">Objeto<\/h3><p class=\"elementor-image-box-description\">O Objeto \u00e9 um local de armazenamento de objetos do banco de dados como fun\u00e7\u00f5es, triggers e procedures. Fa\u00e7a a gest\u00e3o por Relat\u00f3rios e Dashboards.<\/p><\/div><\/div>\t\t<\/div>\n\t\t\t\t<\/div>\n\t\t\t\t<div class=\"elementor-element elementor-element-e4e05ab elementor-position-right elementor-vertical-align-middle elementor-widget elementor-widget-image-box\" data-id=\"e4e05ab\" data-element_type=\"widget\" data-widget_type=\"image-box.default\">\n\t\t\t\t<div class=\"elementor-widget-container\">\n\t\t\t<div class=\"elementor-image-box-wrapper\"><figure class=\"elementor-image-box-img\"><img loading=\"lazy\" decoding=\"async\" width=\"80\" height=\"120\" src=\"https:\/\/rcbsystem.com.br\/wp-content\/uploads\/2022\/12\/pastilha_DicionarioDeDados_1.png\" class=\"attachment-full size-full wp-image-335\" alt=\"\" \/><\/figure><div class=\"elementor-image-box-content\"><h3 class=\"elementor-image-box-title\">Dicion\u00e1rio de Dados<\/h3><p class=\"elementor-image-box-description\">O Dicion\u00e1rio de Dados fornece todas as informa\u00e7\u00f5es de tabelas, colunas, chaves do banco de dados. Fa\u00e7a a gest\u00e3o por Relat\u00f3rios e Dashboards.<\/p><\/div><\/div>\t\t<\/div>\n\t\t\t\t<\/div>\n\t\t\t\t<div class=\"elementor-element elementor-element-9db972b elementor-position-left elementor-vertical-align-middle elementor-widget elementor-widget-image-box\" data-id=\"9db972b\" data-element_type=\"widget\" data-widget_type=\"image-box.default\">\n\t\t\t\t<div class=\"elementor-widget-container\">\n\t\t\t<div class=\"elementor-image-box-wrapper\"><figure class=\"elementor-image-box-img\"><img loading=\"lazy\" decoding=\"async\" width=\"80\" height=\"120\" src=\"https:\/\/rcbsystem.com.br\/wp-content\/uploads\/2022\/12\/pastilha_Idioma_1.png\" class=\"attachment-full size-full wp-image-338\" alt=\"\" \/><\/figure><div class=\"elementor-image-box-content\"><h3 class=\"elementor-image-box-title\">idiomas<\/h3><p class=\"elementor-image-box-description\">Fa\u00e7a a gest\u00e3o de todas as palavras da plataforma, desde mudar de idioma como customizar as palavras. Fa\u00e7a a gest\u00e3o por Relat\u00f3rios e Dashboards.<\/p><\/div><\/div>\t\t<\/div>\n\t\t\t\t<\/div>\n\t\t\t\t\t<\/div>\n\t\t<\/div>\n\t\t\t\t\t<\/div>\n\t\t<\/section>\n\t\t\t\t<\/div>\n\t\t","protected":false},"excerpt":{"rendered":"<p>O RCBSystem \u00e9 um conjunto de solu\u00e7\u00f5es para a gest\u00e3o de todo o sistema, com m\u00f3dulos que facilitam a gest\u00e3o interna. Controle de Usu\u00e1rios Fa\u00e7a o controle dos usu\u00e1rios, fornecendo login de acesso ao sistema, ao portal ou ao webservice para comunica\u00e7\u00e3o externa com outros aplicativos. Fa\u00e7a a gest\u00e3o por Relat\u00f3rios, Dashboards, Calend\u00e1rios ou Mapas. Customiza\u00e7\u00e3o O m\u00f3dulo de customiza\u00e7\u00e3o guarda todas as vari\u00e1veis de customiza\u00e7\u00e3o de cada usu\u00e1rio. Fa\u00e7a a gest\u00e3o por Relat\u00f3rios e Dashboards Par\u00e2metro O m\u00f3dulo de par\u00e2metro guarda todos os par\u00e2metros da plataforma. Fa\u00e7a a gest\u00e3o por Relat\u00f3rios e Dashboards. Grupo de Acesso Crie grupos de acessos aos m\u00f3dulos e limite aos usu\u00e1rios. Fa\u00e7a a gest\u00e3o por Relat\u00f3rios e Dashboards Subsistemas Os Subsitemas s\u00e3o divis\u00f5es de \u00e1reas da plataforma que \u00e9 composto por m\u00f3dulos. Fa\u00e7a a gest\u00e3o por Relat\u00f3rios e Dashboards. M\u00f3dulos Os m\u00f3dulos s\u00e3o locais de cadastros, apontamentos ou gest\u00f5es que alimentam toda a base de dados. Fa\u00e7a a gest\u00e3o por Relat\u00f3rios, Dashboards e Calend\u00e1rios. Controle de Acesso O Controle de Acesso est\u00e1 relacionado direto com os tipos de acesso que um m\u00f3dulo pode ter. Fa\u00e7a a gest\u00e3o por Relat\u00f3rios e Dashboards. Controle de Acesso X M\u00f3dulos O Controle de Acesso X M\u00f3dulos s\u00e3o as identifica\u00e7\u00f5es de acesso que um m\u00f3dulo pode ter. Fa\u00e7a a gest\u00e3o por Relat\u00f3rios e Dashboards. Controle de Acesso X M\u00f3dulos X Usu\u00e1rios No grupo de acesso onde \u00e9 poss\u00edvel dar acesso ao usu\u00e1rio a um determinado m\u00f3dulo, n\u00e3o \u00e9 poss\u00edvel a libera\u00e7\u00e3o de acesso aos recursos do m\u00f3dulo, o controle de acesso x m\u00f3dulos x usu\u00e1rio que ir\u00e1 liberar os tipos de acesso que o usu\u00e1rio pode ter dentro do m\u00f3dulo. Fa\u00e7a a gest\u00e3o por Relat\u00f3rios e Dashboards. Arquivos de Imagem Fa\u00e7a o gest\u00e3o das imagens da plataforma. Fa\u00e7a a gest\u00e3o por Relat\u00f3rios e Dashboards. Arquivos de Relat\u00f3rios Adicione novos modelos de arquivos para a customiza\u00e7\u00e3o dos relat\u00f3rios. Fa\u00e7a a gest\u00e3o por Relat\u00f3rios e Dashboards. Conex\u00e3o Crie conex\u00f5es com outras base de dados e gere consultas. Fa\u00e7a a gest\u00e3o por Relat\u00f3rios e Dashboards. Executor de Consultas Crie consultas baseado nas conex\u00f5es e transforme os resultados em Relat\u00f3rios, Dashboards, Apresenta\u00e7\u00e3o em Mapa, Calend\u00e1rio ou disponibilize via Webservice para que outros aplicativos possam consumir os dados. Fa\u00e7a a gest\u00e3o por Relat\u00f3rios e Dashboards. Dashboard Crie dashboards apresentativos para telas diversas com recursos de troca din\u00e2mica de cen\u00e1rios ou dashboards operacionais e com controle de acesso por usu\u00e1rio. Fa\u00e7a a gest\u00e3o por Relat\u00f3rios e Dashboards. Cen\u00e1rio Os cen\u00e1rios s\u00e3o partes do dashboard que \u00e9 composto por pastilhas de gr\u00e1ficos, um cen\u00e1rio pode ser adicionado a um ou mais dashboard e tamb\u00e9m tem o controle de acesso por usu\u00e1rio. Fa\u00e7a a gest\u00e3o por Relat\u00f3rios e Dashboards. Pastilha As pastilhas s\u00e3o desenhadas por uma \u00e1rea de controle e seu resultado \u00e9 baseado em uma consulta, elas podem ser adicionadas para um ou mais cen\u00e1rios e tamb\u00e9m tem o controle de acesso por usu\u00e1rio. Fa\u00e7a a gest\u00e3o por Relat\u00f3rios e Dashboards. Objeto O Objeto \u00e9 um local de armazenamento de objetos do banco de dados como fun\u00e7\u00f5es, triggers e procedures. Fa\u00e7a a gest\u00e3o por Relat\u00f3rios e Dashboards. Dicion\u00e1rio de Dados O Dicion\u00e1rio de Dados fornece todas as informa\u00e7\u00f5es de tabelas, colunas, chaves do banco de dados. Fa\u00e7a a gest\u00e3o por Relat\u00f3rios e Dashboards. idiomas Fa\u00e7a a gest\u00e3o de todas as palavras da plataforma, desde mudar de idioma como customizar as palavras. Fa\u00e7a a gest\u00e3o por Relat\u00f3rios e Dashboards.<\/p>\n","protected":false},"author":1,"featured_media":0,"parent":0,"menu_order":0,"comment_status":"closed","ping_status":"closed","template":"","meta":{"_eb_attr":"","footnotes":""},"class_list":["post-18","page","type-page","status-publish","hentry"],"_links":{"self":[{"href":"https:\/\/rcbsystem.com.br\/index.php?rest_route=\/wp\/v2\/pages\/18","targetHints":{"allow":["GET"]}}],"collection":[{"href":"https:\/\/rcbsystem.com.br\/index.php?rest_route=\/wp\/v2\/pages"}],"about":[{"href":"https:\/\/rcbsystem.com.br\/index.php?rest_route=\/wp\/v2\/types\/page"}],"author":[{"embeddable":true,"href":"https:\/\/rcbsystem.com.br\/index.php?rest_route=\/wp\/v2\/users\/1"}],"replies":[{"embeddable":true,"href":"https:\/\/rcbsystem.com.br\/index.php?rest_route=%2Fwp%2Fv2%2Fcomments&post=18"}],"version-history":[{"count":0,"href":"https:\/\/rcbsystem.com.br\/index.php?rest_route=\/wp\/v2\/pages\/18\/revisions"}],"wp:attachment":[{"href":"https:\/\/rcbsystem.com.br\/index.php?rest_route=%2Fwp%2Fv2%2Fmedia&parent=18"}],"curies":[{"name":"wp","href":"https:\/\/api.w.org\/{rel}","templated":true}]}}