{"id":20,"date":"2022-12-24T10:36:45","date_gmt":"2022-12-24T10:36:45","guid":{"rendered":"https:\/\/rcbsystem.com\/sitewp\/?page_id=20"},"modified":"2025-10-28T08:52:32","modified_gmt":"2025-10-28T11:52:32","slug":"rcbrecursos-humanos","status":"publish","type":"page","link":"https:\/\/rcbsystem.com.br\/?page_id=20","title":{"rendered":"RCBRecursos Humanos"},"content":{"rendered":"\t\t<div data-elementor-type=\"wp-page\" data-elementor-id=\"20\" class=\"elementor elementor-20\">\n\t\t\t\t\t\t<section class=\"elementor-section elementor-top-section elementor-element elementor-element-bb0aa9b elementor-section-boxed elementor-section-height-default elementor-section-height-default\" data-id=\"bb0aa9b\" data-element_type=\"section\">\n\t\t\t\t\t\t<div class=\"elementor-container elementor-column-gap-default\">\n\t\t\t\t\t<div class=\"elementor-column elementor-col-100 elementor-top-column elementor-element elementor-element-ff15b6a\" data-id=\"ff15b6a\" data-element_type=\"column\">\n\t\t\t<div class=\"elementor-widget-wrap elementor-element-populated\">\n\t\t\t\t\t\t<div class=\"elementor-element elementor-element-556fecf elementor-widget elementor-widget-text-editor\" data-id=\"556fecf\" data-element_type=\"widget\" data-widget_type=\"text-editor.default\">\n\t\t\t\t<div class=\"elementor-widget-container\">\n\t\t\t\t\t\t\t<p>O RCBRecursos Humanos \u00e9 um subsistema com m\u00f3dulos para a gest\u00e3o de pessoas.<\/p>\t\t\t\t\t\t<\/div>\n\t\t\t\t<\/div>\n\t\t\t\t\t<\/div>\n\t\t<\/div>\n\t\t\t\t\t<\/div>\n\t\t<\/section>\n\t\t\t\t<section class=\"elementor-section elementor-top-section elementor-element elementor-element-a5e73db elementor-section-boxed elementor-section-height-default elementor-section-height-default\" data-id=\"a5e73db\" data-element_type=\"section\">\n\t\t\t\t\t\t<div class=\"elementor-container elementor-column-gap-default\">\n\t\t\t\t\t<div class=\"elementor-column elementor-col-100 elementor-top-column elementor-element elementor-element-4e6ac5a\" data-id=\"4e6ac5a\" data-element_type=\"column\">\n\t\t\t<div class=\"elementor-widget-wrap elementor-element-populated\">\n\t\t\t\t\t\t<div class=\"elementor-element elementor-element-a1b9b0c elementor-position-left elementor-vertical-align-top elementor-widget elementor-widget-image-box\" data-id=\"a1b9b0c\" data-element_type=\"widget\" data-widget_type=\"image-box.default\">\n\t\t\t\t<div class=\"elementor-widget-container\">\n\t\t\t<div class=\"elementor-image-box-wrapper\"><figure class=\"elementor-image-box-img\"><img decoding=\"async\" width=\"80\" height=\"120\" src=\"https:\/\/rcbsystem.com.br\/wp-content\/uploads\/2022\/12\/pastilha_Funcionario_1.png\" class=\"attachment-full size-full wp-image-145\" alt=\"\" \/><\/figure><div class=\"elementor-image-box-content\"><h3 class=\"elementor-image-box-title\">Funcion\u00e1rio<\/h3><p class=\"elementor-image-box-description\">Controle os Funcionarios por empresa com uma grande quantidade de atributos. Fa\u00e7a a gest\u00e3o com Relat\u00f3rios e Dashboards<\/p><\/div><\/div>\t\t<\/div>\n\t\t\t\t<\/div>\n\t\t\t\t<div class=\"elementor-element elementor-element-6af4f85 elementor-position-right elementor-vertical-align-top elementor-widget elementor-widget-image-box\" data-id=\"6af4f85\" data-element_type=\"widget\" data-widget_type=\"image-box.default\">\n\t\t\t\t<div class=\"elementor-widget-container\">\n\t\t\t<div class=\"elementor-image-box-wrapper\"><figure class=\"elementor-image-box-img\"><img decoding=\"async\" width=\"80\" height=\"120\" src=\"https:\/\/rcbsystem.com.br\/wp-content\/uploads\/2022\/12\/pastilha_Empresa_1.png\" class=\"attachment-full size-full wp-image-143\" alt=\"\" \/><\/figure><div class=\"elementor-image-box-content\"><h3 class=\"elementor-image-box-title\">Empresa<\/h3><p class=\"elementor-image-box-description\">O Controle de Empresas \u00e9 um recurso ultilizado em outros sub-sistemas com RCBOficina para o cadastro de Equipamentos. Fa\u00e7a a gest\u00e3o com Relat\u00f3rios e Dashboards<\/p><\/div><\/div>\t\t<\/div>\n\t\t\t\t<\/div>\n\t\t\t\t<div class=\"elementor-element elementor-element-c6aee8e elementor-position-left elementor-vertical-align-top elementor-widget elementor-widget-image-box\" data-id=\"c6aee8e\" data-element_type=\"widget\" data-widget_type=\"image-box.default\">\n\t\t\t\t<div class=\"elementor-widget-container\">\n\t\t\t<div class=\"elementor-image-box-wrapper\"><figure class=\"elementor-image-box-img\"><img decoding=\"async\" width=\"80\" height=\"120\" src=\"https:\/\/rcbsystem.com.br\/wp-content\/uploads\/2022\/12\/pastilha_Treinamento_1.jpg\" class=\"attachment-full size-full wp-image-116\" alt=\"\" \/><\/figure><div class=\"elementor-image-box-content\"><h3 class=\"elementor-image-box-title\">Trenamento<\/h3><p class=\"elementor-image-box-description\">Controle os Treinamentos externos e internos dos Funcion\u00e1rios. Fa\u00e7a a gest\u00e3o com Relat\u00f3rios, Dashboards, Calend\u00e1rios e Mapas<\/p><\/div><\/div>\t\t<\/div>\n\t\t\t\t<\/div>\n\t\t\t\t<div class=\"elementor-element elementor-element-e7f3799 elementor-position-right elementor-vertical-align-top elementor-widget elementor-widget-image-box\" data-id=\"e7f3799\" data-element_type=\"widget\" data-widget_type=\"image-box.default\">\n\t\t\t\t<div class=\"elementor-widget-container\">\n\t\t\t<div class=\"elementor-image-box-wrapper\"><figure class=\"elementor-image-box-img\"><img loading=\"lazy\" decoding=\"async\" width=\"80\" height=\"120\" src=\"https:\/\/rcbsystem.com.br\/wp-content\/uploads\/2022\/12\/pastilha_Cartao_Folga_1.jpg\" class=\"attachment-full size-full wp-image-115\" alt=\"\" \/><\/figure><div class=\"elementor-image-box-content\"><h3 class=\"elementor-image-box-title\">Cart\u00e3o de Folga<\/h3><p class=\"elementor-image-box-description\">Crie os cart\u00f5es de folga do ano inteiro para os funcion\u00e1rios que trabalham 5 x 1. Fa\u00e7a a gest\u00e3o com Relat\u00f3rios, Dashboards e Calend\u00e1rios.<\/p><\/div><\/div>\t\t<\/div>\n\t\t\t\t<\/div>\n\t\t\t\t<div class=\"elementor-element elementor-element-a660175 elementor-position-left elementor-vertical-align-top elementor-widget elementor-widget-image-box\" data-id=\"a660175\" data-element_type=\"widget\" data-widget_type=\"image-box.default\">\n\t\t\t\t<div class=\"elementor-widget-container\">\n\t\t\t<div class=\"elementor-image-box-wrapper\"><figure class=\"elementor-image-box-img\"><img loading=\"lazy\" decoding=\"async\" width=\"50\" height=\"55\" src=\"https:\/\/rcbsystem.com.br\/wp-content\/uploads\/2022\/12\/pastilha_CNH_1.jpg\" class=\"attachment-full size-full wp-image-134\" alt=\"\" \/><\/figure><div class=\"elementor-image-box-content\"><h3 class=\"elementor-image-box-title\">C.N.H.<\/h3><p class=\"elementor-image-box-description\">Controle os vencimentos das carteira de habilita\u00e7\u00e3o dos funcion\u00e1rios. Fa\u00e7a a gest\u00e3o com Relat\u00f3rios, Dashboards, Calend\u00e1rios e Mapas.<\/p><\/div><\/div>\t\t<\/div>\n\t\t\t\t<\/div>\n\t\t\t\t<div class=\"elementor-element elementor-element-1e44846 elementor-position-right elementor-vertical-align-top elementor-widget elementor-widget-image-box\" data-id=\"1e44846\" data-element_type=\"widget\" data-widget_type=\"image-box.default\">\n\t\t\t\t<div class=\"elementor-widget-container\">\n\t\t\t<div class=\"elementor-image-box-wrapper\"><figure class=\"elementor-image-box-img\"><img loading=\"lazy\" decoding=\"async\" width=\"50\" height=\"55\" src=\"https:\/\/rcbsystem.com.br\/wp-content\/uploads\/2022\/12\/pastilha_Ferias_1.png\" class=\"attachment-full size-full wp-image-315\" alt=\"\" \/><\/figure><div class=\"elementor-image-box-content\"><h3 class=\"elementor-image-box-title\">F\u00e9rias<\/h3><p class=\"elementor-image-box-description\">Programe as f\u00e9rias dos funcion\u00e1rios. Fa\u00e7a a gest\u00e3o com Relat\u00f3rios, Dashboards e Calend\u00e1rios.<\/p><\/div><\/div>\t\t<\/div>\n\t\t\t\t<\/div>\n\t\t\t\t<div class=\"elementor-element elementor-element-a9506a3 elementor-position-left elementor-vertical-align-top elementor-widget elementor-widget-image-box\" data-id=\"a9506a3\" data-element_type=\"widget\" data-widget_type=\"image-box.default\">\n\t\t\t\t<div class=\"elementor-widget-container\">\n\t\t\t<div class=\"elementor-image-box-wrapper\"><figure class=\"elementor-image-box-img\"><img loading=\"lazy\" decoding=\"async\" width=\"80\" height=\"120\" src=\"https:\/\/rcbsystem.com.br\/wp-content\/uploads\/2022\/12\/pastilha_Ponto_Funcionario_1.jpg\" class=\"attachment-full size-full wp-image-90\" alt=\"\" \/><\/figure><div class=\"elementor-image-box-content\"><h3 class=\"elementor-image-box-title\">Ponto<\/h3><p class=\"elementor-image-box-description\">Controle o ponto de trabalho dos funcion\u00e1rios. Fa\u00e7a a gest\u00e3o com Relat\u00f3rios, Dashboards, Calend\u00e1rios e Mapas.<\/p><\/div><\/div>\t\t<\/div>\n\t\t\t\t<\/div>\n\t\t\t\t<div class=\"elementor-element elementor-element-4db926a elementor-position-right elementor-vertical-align-top elementor-widget elementor-widget-image-box\" data-id=\"4db926a\" data-element_type=\"widget\" data-widget_type=\"image-box.default\">\n\t\t\t\t<div class=\"elementor-widget-container\">\n\t\t\t<div class=\"elementor-image-box-wrapper\"><figure class=\"elementor-image-box-img\"><img loading=\"lazy\" decoding=\"async\" width=\"80\" height=\"120\" src=\"https:\/\/rcbsystem.com.br\/wp-content\/uploads\/2022\/12\/pastilha_Pagamento_1.jpg\" class=\"attachment-full size-full wp-image-91\" alt=\"\" \/><\/figure><div class=\"elementor-image-box-content\"><h3 class=\"elementor-image-box-title\">Folha de Pagamento<\/h3><p class=\"elementor-image-box-description\">Fa\u00e7a a Folha de Pagamento \n dos funcion\u00e1rios. Fa\u00e7a a gest\u00e3o com Relat\u00f3rios, Dashboards e Calend\u00e1rios.<\/p><\/div><\/div>\t\t<\/div>\n\t\t\t\t<\/div>\n\t\t\t\t<div class=\"elementor-element elementor-element-364b9a5 elementor-position-left elementor-vertical-align-top elementor-widget elementor-widget-image-box\" data-id=\"364b9a5\" data-element_type=\"widget\" data-widget_type=\"image-box.default\">\n\t\t\t\t<div class=\"elementor-widget-container\">\n\t\t\t<div class=\"elementor-image-box-wrapper\"><figure class=\"elementor-image-box-img\"><img loading=\"lazy\" decoding=\"async\" width=\"50\" height=\"55\" src=\"https:\/\/rcbsystem.com.br\/wp-content\/uploads\/2022\/12\/pastilha_Evento_1.png\" class=\"attachment-full size-full wp-image-316\" alt=\"\" \/><\/figure><div class=\"elementor-image-box-content\"><h3 class=\"elementor-image-box-title\">Eventos de Folha<\/h3><p class=\"elementor-image-box-description\">Fique livre para Automatizar os eventos de Folha de Pagamento por Consultas, Fun\u00e7\u00f5es ou Procedures do pr\u00f3prio banco de dados. Fa\u00e7a a gest\u00e3o com Relat\u00f3rios, Dashboards, Calend\u00e1rios e Mapas.<\/p><\/div><\/div>\t\t<\/div>\n\t\t\t\t<\/div>\n\t\t\t\t<div class=\"elementor-element elementor-element-b8b5d03 elementor-position-right elementor-vertical-align-top elementor-widget elementor-widget-image-box\" data-id=\"b8b5d03\" data-element_type=\"widget\" data-widget_type=\"image-box.default\">\n\t\t\t\t<div class=\"elementor-widget-container\">\n\t\t\t<div class=\"elementor-image-box-wrapper\"><figure class=\"elementor-image-box-img\"><a href=\"https:\/\/rcbsystem.com.br\/?page_id=807\" tabindex=\"-1\"><img loading=\"lazy\" decoding=\"async\" width=\"80\" height=\"80\" src=\"https:\/\/rcbsystem.com.br\/wp-content\/uploads\/2025\/10\/pastilha_Gamificacao_Pontuacao_1-1.png\" class=\"attachment-full size-full wp-image-803\" alt=\"Ranking\" srcset=\"https:\/\/rcbsystem.com.br\/wp-content\/uploads\/2025\/10\/pastilha_Gamificacao_Pontuacao_1-1.png 80w, https:\/\/rcbsystem.com.br\/wp-content\/uploads\/2025\/10\/pastilha_Gamificacao_Pontuacao_1-1-75x75.png 75w\" sizes=\"(max-width: 80px) 100vw, 80px\" \/><\/a><\/figure><div class=\"elementor-image-box-content\"><h3 class=\"elementor-image-box-title\"><a href=\"https:\/\/rcbsystem.com.br\/?page_id=807\">Gamifica\u00e7\u00e3o<\/a><\/h3><p class=\"elementor-image-box-description\">A Gamifica\u00e7\u00e3o gera dispusta entre colaboradores podendo gerar mais eficiencia no trabalho e trazer diminui\u00e7\u00e3o de despesas para empresa. Fa\u00e7a a gest\u00e3o com Relat\u00f3rios, Dashboards e Calend\u00e1rios.<\/p><\/div><\/div>\t\t<\/div>\n\t\t\t\t<\/div>\n\t\t\t\t\t<\/div>\n\t\t<\/div>\n\t\t\t\t\t<\/div>\n\t\t<\/section>\n\t\t\t\t<\/div>\n\t\t","protected":false},"excerpt":{"rendered":"<p>O RCBRecursos Humanos \u00e9 um subsistema com m\u00f3dulos para a gest\u00e3o de pessoas. Funcion\u00e1rio Controle os Funcionarios por empresa com uma grande quantidade de atributos. Fa\u00e7a a gest\u00e3o com Relat\u00f3rios e Dashboards Empresa O Controle de Empresas \u00e9 um recurso ultilizado em outros sub-sistemas com RCBOficina para o cadastro de Equipamentos. Fa\u00e7a a gest\u00e3o com Relat\u00f3rios e Dashboards Trenamento Controle os Treinamentos externos e internos dos Funcion\u00e1rios. Fa\u00e7a a gest\u00e3o com Relat\u00f3rios, Dashboards, Calend\u00e1rios e Mapas Cart\u00e3o de Folga Crie os cart\u00f5es de folga do ano inteiro para os funcion\u00e1rios que trabalham 5 x 1. Fa\u00e7a a gest\u00e3o com Relat\u00f3rios, Dashboards e Calend\u00e1rios. C.N.H. Controle os vencimentos das carteira de habilita\u00e7\u00e3o dos funcion\u00e1rios. Fa\u00e7a a gest\u00e3o com Relat\u00f3rios, Dashboards, Calend\u00e1rios e Mapas. F\u00e9rias Programe as f\u00e9rias dos funcion\u00e1rios. Fa\u00e7a a gest\u00e3o com Relat\u00f3rios, Dashboards e Calend\u00e1rios. Ponto Controle o ponto de trabalho dos funcion\u00e1rios. Fa\u00e7a a gest\u00e3o com Relat\u00f3rios, Dashboards, Calend\u00e1rios e Mapas. Folha de Pagamento Fa\u00e7a a Folha de Pagamento dos funcion\u00e1rios. Fa\u00e7a a gest\u00e3o com Relat\u00f3rios, Dashboards e Calend\u00e1rios. Eventos de Folha Fique livre para Automatizar os eventos de Folha de Pagamento por Consultas, Fun\u00e7\u00f5es ou Procedures do pr\u00f3prio banco de dados. Fa\u00e7a a gest\u00e3o com Relat\u00f3rios, Dashboards, Calend\u00e1rios e Mapas. Gamifica\u00e7\u00e3o A Gamifica\u00e7\u00e3o gera dispusta entre colaboradores podendo gerar mais eficiencia no trabalho e trazer diminui\u00e7\u00e3o de despesas para empresa. Fa\u00e7a a gest\u00e3o com Relat\u00f3rios, Dashboards e Calend\u00e1rios.<\/p>\n","protected":false},"author":1,"featured_media":0,"parent":0,"menu_order":0,"comment_status":"closed","ping_status":"closed","template":"","meta":{"_eb_attr":"","footnotes":""},"class_list":["post-20","page","type-page","status-publish","hentry"],"_links":{"self":[{"href":"https:\/\/rcbsystem.com.br\/index.php?rest_route=\/wp\/v2\/pages\/20","targetHints":{"allow":["GET"]}}],"collection":[{"href":"https:\/\/rcbsystem.com.br\/index.php?rest_route=\/wp\/v2\/pages"}],"about":[{"href":"https:\/\/rcbsystem.com.br\/index.php?rest_route=\/wp\/v2\/types\/page"}],"author":[{"embeddable":true,"href":"https:\/\/rcbsystem.com.br\/index.php?rest_route=\/wp\/v2\/users\/1"}],"replies":[{"embeddable":true,"href":"https:\/\/rcbsystem.com.br\/index.php?rest_route=%2Fwp%2Fv2%2Fcomments&post=20"}],"version-history":[{"count":6,"href":"https:\/\/rcbsystem.com.br\/index.php?rest_route=\/wp\/v2\/pages\/20\/revisions"}],"predecessor-version":[{"id":826,"href":"https:\/\/rcbsystem.com.br\/index.php?rest_route=\/wp\/v2\/pages\/20\/revisions\/826"}],"wp:attachment":[{"href":"https:\/\/rcbsystem.com.br\/index.php?rest_route=%2Fwp%2Fv2%2Fmedia&parent=20"}],"curies":[{"name":"wp","href":"https:\/\/api.w.org\/{rel}","templated":true}]}}