{"id":26,"date":"2022-12-24T10:37:25","date_gmt":"2022-12-24T10:37:25","guid":{"rendered":"https:\/\/rcbsystem.com\/sitewp\/?page_id=26"},"modified":"2022-12-24T10:37:25","modified_gmt":"2022-12-24T10:37:25","slug":"contato","status":"publish","type":"page","link":"https:\/\/rcbsystem.com.br\/?page_id=26","title":{"rendered":"Contato"},"content":{"rendered":"\t\t<div data-elementor-type=\"wp-page\" data-elementor-id=\"26\" class=\"elementor elementor-26\">\n\t\t\t\t\t\t<section class=\"elementor-section elementor-top-section elementor-element elementor-element-4c13f2e elementor-section-boxed elementor-section-height-default elementor-section-height-default\" data-id=\"4c13f2e\" data-element_type=\"section\">\n\t\t\t\t\t\t<div class=\"elementor-container elementor-column-gap-default\">\n\t\t\t\t\t<div class=\"elementor-column elementor-col-100 elementor-top-column elementor-element elementor-element-a9a0a00\" data-id=\"a9a0a00\" data-element_type=\"column\">\n\t\t\t<div class=\"elementor-widget-wrap elementor-element-populated\">\n\t\t\t\t\t\t<div class=\"elementor-element elementor-element-de61305 elementor-widget elementor-widget-text-editor\" data-id=\"de61305\" data-element_type=\"widget\" data-widget_type=\"text-editor.default\">\n\t\t\t\t<div class=\"elementor-widget-container\">\n\t\t\t\t\t\t\t<p><span style=\"font-weight: 400;\">Estamos \u00e0 disposi\u00e7\u00e3o para apresentarmos o projeto e mostrar um pouco mais dos recursos que o RCBSystem tem para ajudar com a sua gest\u00e3o.<\/span><\/p><p><span style=\"font-weight: 400;\">Fazemos parcerias para novos desenvolvimentos.<\/span><\/p><p><span style=\"font-weight: 400;\">Aceitamos cr\u00edticas, sugest\u00f5es e bate papo para melhorar ainda mais o projeto.<\/span><\/p><p><span style=\"font-weight: 400;\">Entre em contato pelo Email: <strong>rcbsystem@gmail.com<\/strong><\/span><\/p>\t\t\t\t\t\t<\/div>\n\t\t\t\t<\/div>\n\t\t\t\t\t<\/div>\n\t\t<\/div>\n\t\t\t\t\t<\/div>\n\t\t<\/section>\n\t\t\t\t<\/div>\n\t\t","protected":false},"excerpt":{"rendered":"<p>Estamos \u00e0 disposi\u00e7\u00e3o para apresentarmos o projeto e mostrar um pouco mais dos recursos que o RCBSystem tem para ajudar com a sua gest\u00e3o. Fazemos parcerias para novos desenvolvimentos. Aceitamos cr\u00edticas, sugest\u00f5es e bate papo para melhorar ainda mais o projeto. Entre em contato pelo Email: rcbsystem@gmail.com<\/p>\n","protected":false},"author":1,"featured_media":0,"parent":0,"menu_order":0,"comment_status":"closed","ping_status":"closed","template":"","meta":{"_eb_attr":"","footnotes":""},"class_list":["post-26","page","type-page","status-publish","hentry"],"_links":{"self":[{"href":"https:\/\/rcbsystem.com.br\/index.php?rest_route=\/wp\/v2\/pages\/26","targetHints":{"allow":["GET"]}}],"collection":[{"href":"https:\/\/rcbsystem.com.br\/index.php?rest_route=\/wp\/v2\/pages"}],"about":[{"href":"https:\/\/rcbsystem.com.br\/index.php?rest_route=\/wp\/v2\/types\/page"}],"author":[{"embeddable":true,"href":"https:\/\/rcbsystem.com.br\/index.php?rest_route=\/wp\/v2\/users\/1"}],"replies":[{"embeddable":true,"href":"https:\/\/rcbsystem.com.br\/index.php?rest_route=%2Fwp%2Fv2%2Fcomments&post=26"}],"version-history":[{"count":0,"href":"https:\/\/rcbsystem.com.br\/index.php?rest_route=\/wp\/v2\/pages\/26\/revisions"}],"wp:attachment":[{"href":"https:\/\/rcbsystem.com.br\/index.php?rest_route=%2Fwp%2Fv2%2Fmedia&parent=26"}],"curies":[{"name":"wp","href":"https:\/\/api.w.org\/{rel}","templated":true}]}}