{"id":34,"date":"2022-12-24T10:38:25","date_gmt":"2022-12-24T10:38:25","guid":{"rendered":"https:\/\/rcbsystem.com\/sitewp\/?page_id=34"},"modified":"2022-12-24T10:38:25","modified_gmt":"2022-12-24T10:38:25","slug":"rcbfrota","status":"publish","type":"page","link":"https:\/\/rcbsystem.com.br\/?page_id=34","title":{"rendered":"RCBFrota"},"content":{"rendered":"\t\t<div data-elementor-type=\"wp-page\" data-elementor-id=\"34\" class=\"elementor elementor-34\">\n\t\t\t\t\t\t<section class=\"elementor-section elementor-top-section elementor-element elementor-element-186965b elementor-section-boxed elementor-section-height-default elementor-section-height-default\" data-id=\"186965b\" data-element_type=\"section\">\n\t\t\t\t\t\t<div class=\"elementor-container elementor-column-gap-default\">\n\t\t\t\t\t<div class=\"elementor-column elementor-col-100 elementor-top-column elementor-element elementor-element-72975b5\" data-id=\"72975b5\" data-element_type=\"column\">\n\t\t\t<div class=\"elementor-widget-wrap elementor-element-populated\">\n\t\t\t\t\t\t<div class=\"elementor-element elementor-element-2625cca elementor-widget elementor-widget-text-editor\" data-id=\"2625cca\" data-element_type=\"widget\" data-widget_type=\"text-editor.default\">\n\t\t\t\t<div class=\"elementor-widget-container\">\n\t\t\t\t\t\t\t<p><span style=\"font-weight: 400;\">O RCBFrota \u00e9 composto por solu\u00e7\u00f5es que ajudam no controle da frota automotiva e implementos.<\/span><\/p>\t\t\t\t\t\t<\/div>\n\t\t\t\t<\/div>\n\t\t\t\t\t<\/div>\n\t\t<\/div>\n\t\t\t\t\t<\/div>\n\t\t<\/section>\n\t\t\t\t<section class=\"elementor-section elementor-top-section elementor-element elementor-element-91464e6 elementor-section-boxed elementor-section-height-default elementor-section-height-default\" data-id=\"91464e6\" data-element_type=\"section\">\n\t\t\t\t\t\t<div class=\"elementor-container elementor-column-gap-default\">\n\t\t\t\t\t<div class=\"elementor-column elementor-col-100 elementor-top-column elementor-element elementor-element-28bf507\" data-id=\"28bf507\" data-element_type=\"column\">\n\t\t\t<div class=\"elementor-widget-wrap elementor-element-populated\">\n\t\t\t\t\t\t<div class=\"elementor-element elementor-element-ab2a851 elementor-position-left elementor-vertical-align-top elementor-widget elementor-widget-image-box\" data-id=\"ab2a851\" data-element_type=\"widget\" data-widget_type=\"image-box.default\">\n\t\t\t\t<div class=\"elementor-widget-container\">\n\t\t\t<div class=\"elementor-image-box-wrapper\"><figure class=\"elementor-image-box-img\"><img decoding=\"async\" width=\"80\" height=\"120\" src=\"https:\/\/rcbsystem.com.br\/wp-content\/uploads\/2024\/02\/imagem_1536.jpeg\" class=\"attachment-full size-full wp-image-433\" alt=\"Telemetria\" \/><\/figure><div class=\"elementor-image-box-content\"><h3 class=\"elementor-image-box-title\">Telemetria\/Rastreamento<\/h3><p class=\"elementor-image-box-description\">A Solu\u00e7\u00e3o de Telemetria\/Rastreamento ajuda na Localiza\u00e7\u00e3o no Controle de sua Frota Fa\u00e7a a gest\u00e3o com Relat\u00f3rios, Dashboards, Calend\u00e1rios e Mapa <\/p><\/div><\/div>\t\t<\/div>\n\t\t\t\t<\/div>\n\t\t\t\t<div class=\"elementor-element elementor-element-3ad438b elementor-position-right elementor-vertical-align-top elementor-widget elementor-widget-image-box\" data-id=\"3ad438b\" data-element_type=\"widget\" data-widget_type=\"image-box.default\">\n\t\t\t\t<div class=\"elementor-widget-container\">\n\t\t\t<div class=\"elementor-image-box-wrapper\"><figure class=\"elementor-image-box-img\"><img decoding=\"async\" width=\"139\" height=\"174\" src=\"https:\/\/rcbsystem.com.br\/wp-content\/uploads\/2023\/03\/Alocacao-Maquina-04.jpg\" class=\"attachment-full size-full wp-image-393\" alt=\"\" \/><\/figure><div class=\"elementor-image-box-content\"><h3 class=\"elementor-image-box-title\">Aloca\u00e7\u00e3o de Maquinas<\/h3><p class=\"elementor-image-box-description\"><span><span style=\"font-size: 11.5pt; font-variant-numeric: normal; font-variant-east-asian: normal; font-variant-alternates: normal; vertical-align: baseline;\">Aloca\u00e7\u00e3o de M\u00e1quinas pode ajuda a sua empresa a controlar o tempo destinado para\n o uso dos equipamentos ao confrontar com o apontamento de atividade \nmecanizada, assim poder\u00e1 ser feito uma melhor gest\u00e3o para cobrar dos \nrespons\u00e1veis uma efici\u00eancia melhor na utiliza\u00e7\u00e3o dos equipamentos \nmelhorando a distribui\u00e7\u00e3o do uso dos mesmos<\/span><\/span>. Fa\u00e7a a gest\u00e3o com Relat\u00f3rios, Dashboards, Calend\u00e1rios e Mapa<\/p><\/div><\/div>\t\t<\/div>\n\t\t\t\t<\/div>\n\t\t\t\t<div class=\"elementor-element elementor-element-1972a32 elementor-position-left elementor-vertical-align-top elementor-widget elementor-widget-image-box\" data-id=\"1972a32\" data-element_type=\"widget\" data-widget_type=\"image-box.default\">\n\t\t\t\t<div class=\"elementor-widget-container\">\n\t\t\t<div class=\"elementor-image-box-wrapper\"><figure class=\"elementor-image-box-img\"><img decoding=\"async\" width=\"80\" height=\"120\" src=\"https:\/\/rcbsystem.com.br\/wp-content\/uploads\/2024\/02\/imagem_1682.jpeg\" class=\"attachment-full size-full wp-image-434\" alt=\"Veiculos Leve\" \/><\/figure><div class=\"elementor-image-box-content\"><h3 class=\"elementor-image-box-title\">Aloca\u00e7\u00e3o de Veiculos Leve<\/h3><p class=\"elementor-image-box-description\">A Loca\u00e7\u00e3o de Veiculos Leves \u00e9 uma forma de controlar o uso da Frota, fazendo programa\u00e7\u00f5es para melhor viabilizar o uso de cada veiculo. Fa\u00e7a a gest\u00e3o com Relat\u00f3rios, Dashboards, Calend\u00e1rios e Mapa <\/p><\/div><\/div>\t\t<\/div>\n\t\t\t\t<\/div>\n\t\t\t\t\t<\/div>\n\t\t<\/div>\n\t\t\t\t\t<\/div>\n\t\t<\/section>\n\t\t\t\t<\/div>\n\t\t","protected":false},"excerpt":{"rendered":"<p>O RCBFrota \u00e9 composto por solu\u00e7\u00f5es que ajudam no controle da frota automotiva e implementos. Telemetria\/Rastreamento A Solu\u00e7\u00e3o de Telemetria\/Rastreamento ajuda na Localiza\u00e7\u00e3o no Controle de sua Frota Fa\u00e7a a gest\u00e3o com Relat\u00f3rios, Dashboards, Calend\u00e1rios e Mapa Aloca\u00e7\u00e3o de Maquinas Aloca\u00e7\u00e3o de M\u00e1quinas pode ajuda a sua empresa a controlar o tempo destinado para o uso dos equipamentos ao confrontar com o apontamento de atividade mecanizada, assim poder\u00e1 ser feito uma melhor gest\u00e3o para cobrar dos respons\u00e1veis uma efici\u00eancia melhor na utiliza\u00e7\u00e3o dos equipamentos melhorando a distribui\u00e7\u00e3o do uso dos mesmos. Fa\u00e7a a gest\u00e3o com Relat\u00f3rios, Dashboards, Calend\u00e1rios e Mapa Aloca\u00e7\u00e3o de Veiculos Leve A Loca\u00e7\u00e3o de Veiculos Leves \u00e9 uma forma de controlar o uso da Frota, fazendo programa\u00e7\u00f5es para melhor viabilizar o uso de cada veiculo. Fa\u00e7a a gest\u00e3o com Relat\u00f3rios, Dashboards, Calend\u00e1rios e Mapa<\/p>\n","protected":false},"author":1,"featured_media":0,"parent":0,"menu_order":0,"comment_status":"closed","ping_status":"closed","template":"","meta":{"_eb_attr":"","footnotes":""},"class_list":["post-34","page","type-page","status-publish","hentry"],"_links":{"self":[{"href":"https:\/\/rcbsystem.com.br\/index.php?rest_route=\/wp\/v2\/pages\/34","targetHints":{"allow":["GET"]}}],"collection":[{"href":"https:\/\/rcbsystem.com.br\/index.php?rest_route=\/wp\/v2\/pages"}],"about":[{"href":"https:\/\/rcbsystem.com.br\/index.php?rest_route=\/wp\/v2\/types\/page"}],"author":[{"embeddable":true,"href":"https:\/\/rcbsystem.com.br\/index.php?rest_route=\/wp\/v2\/users\/1"}],"replies":[{"embeddable":true,"href":"https:\/\/rcbsystem.com.br\/index.php?rest_route=%2Fwp%2Fv2%2Fcomments&post=34"}],"version-history":[{"count":0,"href":"https:\/\/rcbsystem.com.br\/index.php?rest_route=\/wp\/v2\/pages\/34\/revisions"}],"wp:attachment":[{"href":"https:\/\/rcbsystem.com.br\/index.php?rest_route=%2Fwp%2Fv2%2Fmedia&parent=34"}],"curies":[{"name":"wp","href":"https:\/\/api.w.org\/{rel}","templated":true}]}}