{"id":366,"date":"2023-01-21T13:15:55","date_gmt":"2023-01-21T10:15:55","guid":{"rendered":"https:\/\/rcbsystem.com\/sitewp\/?page_id=366"},"modified":"2025-09-19T16:53:10","modified_gmt":"2025-09-19T19:53:10","slug":"projetos","status":"publish","type":"page","link":"https:\/\/rcbsystem.com.br\/?page_id=366","title":{"rendered":"Projetos em Andamento"},"content":{"rendered":"\t\t<div data-elementor-type=\"wp-page\" data-elementor-id=\"366\" class=\"elementor elementor-366\">\n\t\t\t\t\t\t<section class=\"elementor-section elementor-top-section elementor-element elementor-element-0450c47 elementor-section-boxed elementor-section-height-default elementor-section-height-default\" data-id=\"0450c47\" data-element_type=\"section\">\n\t\t\t\t\t\t<div class=\"elementor-container elementor-column-gap-default\">\n\t\t\t\t\t<div class=\"elementor-column elementor-col-100 elementor-top-column elementor-element elementor-element-6da4dd6\" data-id=\"6da4dd6\" data-element_type=\"column\">\n\t\t\t<div class=\"elementor-widget-wrap elementor-element-populated\">\n\t\t\t\t\t\t<div class=\"elementor-element elementor-element-dfbe92c elementor-widget elementor-widget-heading\" data-id=\"dfbe92c\" data-element_type=\"widget\" data-widget_type=\"heading.default\">\n\t\t\t\t<div class=\"elementor-widget-container\">\n\t\t\t<h6 class=\"elementor-heading-title elementor-size-default\">Alguns dos desenvolvimentos em Andamento para o Projeto RCBSystem<\/h6>\t\t<\/div>\n\t\t\t\t<\/div>\n\t\t\t\t\t<\/div>\n\t\t<\/div>\n\t\t\t\t\t<\/div>\n\t\t<\/section>\n\t\t\t\t<section class=\"elementor-section elementor-top-section elementor-element elementor-element-5847b86 elementor-section-boxed elementor-section-height-default elementor-section-height-default\" data-id=\"5847b86\" data-element_type=\"section\">\n\t\t\t\t\t\t<div class=\"elementor-container elementor-column-gap-default\">\n\t\t\t\t\t<div class=\"elementor-column elementor-col-100 elementor-top-column elementor-element elementor-element-cebc6cd\" data-id=\"cebc6cd\" data-element_type=\"column\">\n\t\t\t<div class=\"elementor-widget-wrap elementor-element-populated\">\n\t\t\t\t\t\t<div class=\"elementor-element elementor-element-820b3a4 elementor-widget elementor-widget-text-editor\" data-id=\"820b3a4\" data-element_type=\"widget\" data-widget_type=\"text-editor.default\">\n\t\t\t\t<div class=\"elementor-widget-container\">\n\t\t\t\t\t\t\t<ul>\n<li><b>Gamifica\u00e7\u00e3o (RCBRecursosHumanos)<\/b> &#8211; Controle e Gest\u00e3o de Pontua\u00e7\u00f5es dos Funcion\u00e1rios conforme Apontamentos.<\/li>\n<li><strong>Workflow<\/strong> <b>(RCBSystem)<\/b> &#8211; Constru\u00e7\u00e3o de Sequenciamento de Tarefas por Datas e sele\u00e7\u00e3o de Colaborares.<\/li>\n<li><strong>Rota de Visita para E.P.I. (RCBMedicina)<\/strong> &#8211; Cria\u00e7\u00e3o de Apontamento de Rota de Visita para analise do uso de Equipamento de Prote\u00e7\u00e3o Individual<\/li>\n<li><b>Relat\u00f3rio no Portal (RCBSystem)<\/b> &#8211; Exibi\u00e7\u00e3o de Relat\u00f3rios customizados no Portal<\/li>\n<li><b>Pragas do Solo (RCBAgricola)<\/b> &#8211; Apontamento em Aplicativo Android para Pragas do Solo<\/li>\n<li><b>Roguing (RCBAgricola)<\/b> &#8211; Apontamento em Aplicativo Android para Roguing<\/li>\n<li><b>Camera Veicular<\/b> &#8211; Analise por Inteligencia Artificial para Condu\u00e7\u00e3o Segura<\/li>\n<li><b>Telemetria com Apontamento (RCBFrota) <\/b>&#8211; Apontamento Ficha Operador para Gera\u00e7\u00e3o de Fichas Mec\u00e2nizadas para o RCBAgricola<\/li>\n<li><b>Telemetria Automa\u00e7\u00e3o Industrial<\/b> &#8211; Coleta de dados online de sensores para Analise<\/li>\n<\/ul>\t\t\t\t\t\t<\/div>\n\t\t\t\t<\/div>\n\t\t\t\t\t<\/div>\n\t\t<\/div>\n\t\t\t\t\t<\/div>\n\t\t<\/section>\n\t\t\t\t<\/div>\n\t\t","protected":false},"excerpt":{"rendered":"<p>Alguns dos desenvolvimentos em Andamento para o Projeto RCBSystem Gamifica\u00e7\u00e3o (RCBRecursosHumanos) &#8211; Controle e Gest\u00e3o de Pontua\u00e7\u00f5es dos Funcion\u00e1rios conforme Apontamentos. Workflow (RCBSystem) &#8211; Constru\u00e7\u00e3o de Sequenciamento de Tarefas por Datas e sele\u00e7\u00e3o de Colaborares. Rota de Visita para E.P.I. (RCBMedicina) &#8211; Cria\u00e7\u00e3o de Apontamento de Rota de Visita para analise do uso de Equipamento de Prote\u00e7\u00e3o Individual Relat\u00f3rio no Portal (RCBSystem) &#8211; Exibi\u00e7\u00e3o de Relat\u00f3rios customizados no Portal Pragas do Solo (RCBAgricola) &#8211; Apontamento em Aplicativo Android para Pragas do Solo Roguing (RCBAgricola) &#8211; Apontamento em Aplicativo Android para Roguing Camera Veicular &#8211; Analise por Inteligencia Artificial para Condu\u00e7\u00e3o Segura Telemetria com Apontamento (RCBFrota) &#8211; Apontamento Ficha Operador para Gera\u00e7\u00e3o de Fichas Mec\u00e2nizadas para o RCBAgricola Telemetria Automa\u00e7\u00e3o Industrial &#8211; Coleta de dados online de sensores para Analise<\/p>\n","protected":false},"author":1,"featured_media":0,"parent":0,"menu_order":0,"comment_status":"closed","ping_status":"closed","template":"","meta":{"_eb_attr":"","footnotes":""},"class_list":["post-366","page","type-page","status-publish","hentry"],"_links":{"self":[{"href":"https:\/\/rcbsystem.com.br\/index.php?rest_route=\/wp\/v2\/pages\/366","targetHints":{"allow":["GET"]}}],"collection":[{"href":"https:\/\/rcbsystem.com.br\/index.php?rest_route=\/wp\/v2\/pages"}],"about":[{"href":"https:\/\/rcbsystem.com.br\/index.php?rest_route=\/wp\/v2\/types\/page"}],"author":[{"embeddable":true,"href":"https:\/\/rcbsystem.com.br\/index.php?rest_route=\/wp\/v2\/users\/1"}],"replies":[{"embeddable":true,"href":"https:\/\/rcbsystem.com.br\/index.php?rest_route=%2Fwp%2Fv2%2Fcomments&post=366"}],"version-history":[{"count":3,"href":"https:\/\/rcbsystem.com.br\/index.php?rest_route=\/wp\/v2\/pages\/366\/revisions"}],"predecessor-version":[{"id":799,"href":"https:\/\/rcbsystem.com.br\/index.php?rest_route=\/wp\/v2\/pages\/366\/revisions\/799"}],"wp:attachment":[{"href":"https:\/\/rcbsystem.com.br\/index.php?rest_route=%2Fwp%2Fv2%2Fmedia&parent=366"}],"curies":[{"name":"wp","href":"https:\/\/api.w.org\/{rel}","templated":true}]}}