{"id":415,"date":"2022-12-24T10:37:05","date_gmt":"2022-12-24T10:37:05","guid":{"rendered":"https:\/\/rcbsystem.com\/sitewp\/?page_id=24"},"modified":"2022-12-24T10:37:05","modified_gmt":"2022-12-24T10:37:05","slug":"rcbfinanceiro","status":"publish","type":"page","link":"https:\/\/rcbsystem.com.br\/?page_id=415","title":{"rendered":"RCBFinanceiro"},"content":{"rendered":"\t\t<div data-elementor-type=\"wp-page\" data-elementor-id=\"415\" class=\"elementor elementor-415\">\n\t\t\t\t\t\t<section class=\"elementor-section elementor-top-section elementor-element elementor-element-25a52b1 elementor-section-boxed elementor-section-height-default elementor-section-height-default\" data-id=\"25a52b1\" data-element_type=\"section\">\n\t\t\t\t\t\t<div class=\"elementor-container elementor-column-gap-default\">\n\t\t\t\t\t<div class=\"elementor-column elementor-col-100 elementor-top-column elementor-element elementor-element-8cc34f5\" data-id=\"8cc34f5\" data-element_type=\"column\">\n\t\t\t<div class=\"elementor-widget-wrap elementor-element-populated\">\n\t\t\t\t\t\t<div class=\"elementor-element elementor-element-0606159 elementor-widget elementor-widget-text-editor\" data-id=\"0606159\" data-element_type=\"widget\" data-widget_type=\"text-editor.default\">\n\t\t\t\t<div class=\"elementor-widget-container\">\n\t\t\t\t\t\t\t<p>O RCBFinanceiro \u00e9 um Sub-Sistema para o controle financeiro.<\/p>\t\t\t\t\t\t<\/div>\n\t\t\t\t<\/div>\n\t\t\t\t\t<\/div>\n\t\t<\/div>\n\t\t\t\t\t<\/div>\n\t\t<\/section>\n\t\t\t\t<section class=\"elementor-section elementor-top-section elementor-element elementor-element-38c720f elementor-section-boxed elementor-section-height-default elementor-section-height-default\" data-id=\"38c720f\" data-element_type=\"section\">\n\t\t\t\t\t\t<div class=\"elementor-container elementor-column-gap-default\">\n\t\t\t\t\t<div class=\"elementor-column elementor-col-100 elementor-top-column elementor-element elementor-element-8caaa56\" data-id=\"8caaa56\" data-element_type=\"column\">\n\t\t\t<div class=\"elementor-widget-wrap elementor-element-populated\">\n\t\t\t\t\t\t<div class=\"elementor-element elementor-element-cdbb533 elementor-position-left elementor-vertical-align-top elementor-widget elementor-widget-image-box\" data-id=\"cdbb533\" data-element_type=\"widget\" data-widget_type=\"image-box.default\">\n\t\t\t\t<div class=\"elementor-widget-container\">\n\t\t\t<div class=\"elementor-image-box-wrapper\"><figure class=\"elementor-image-box-img\"><img decoding=\"async\" width=\"80\" height=\"120\" src=\"https:\/\/rcbsystem.com.br\/wp-content\/uploads\/2022\/12\/pastilha_LancamentoDespesas_1.jpg\" class=\"attachment-full size-full wp-image-269\" alt=\"\" \/><\/figure><div class=\"elementor-image-box-content\"><h3 class=\"elementor-image-box-title\">Despesas<\/h3><p class=\"elementor-image-box-description\">Fa\u00e7a o Controle das Despesas anexando entrada de notas e controle das parcelas de pagamento. Fa\u00e7a a gest\u00e3o com Relat\u00f3rios, Dashboards e Calend\u00e1rios.<\/p><\/div><\/div>\t\t<\/div>\n\t\t\t\t<\/div>\n\t\t\t\t<div class=\"elementor-element elementor-element-d6b93cc elementor-position-right elementor-vertical-align-top elementor-widget elementor-widget-image-box\" data-id=\"d6b93cc\" data-element_type=\"widget\" data-widget_type=\"image-box.default\">\n\t\t\t\t<div class=\"elementor-widget-container\">\n\t\t\t<div class=\"elementor-image-box-wrapper\"><figure class=\"elementor-image-box-img\"><img decoding=\"async\" width=\"80\" height=\"120\" src=\"https:\/\/rcbsystem.com.br\/wp-content\/uploads\/2022\/12\/pastilha_LancamentoReceita_1.jpg\" class=\"attachment-full size-full wp-image-270\" alt=\"\" \/><\/figure><div class=\"elementor-image-box-content\"><h3 class=\"elementor-image-box-title\">Despesas<\/h3><p class=\"elementor-image-box-description\">Fa\u00e7a o controle das Receitas, controlando as parcelas de recebimento. Fa\u00e7a a gest\u00e3o com Relat\u00f3rios, Dashboards e Calend\u00e1rios.<\/p><\/div><\/div>\t\t<\/div>\n\t\t\t\t<\/div>\n\t\t\t\t<div class=\"elementor-element elementor-element-b66e34b elementor-position-left elementor-vertical-align-top elementor-widget elementor-widget-image-box\" data-id=\"b66e34b\" data-element_type=\"widget\" data-widget_type=\"image-box.default\">\n\t\t\t\t<div class=\"elementor-widget-container\">\n\t\t\t<div class=\"elementor-image-box-wrapper\"><figure class=\"elementor-image-box-img\"><img decoding=\"async\" width=\"80\" height=\"120\" src=\"https:\/\/rcbsystem.com.br\/wp-content\/uploads\/2022\/12\/pastilha_Fluxo_Caixa_1.png\" class=\"attachment-full size-full wp-image-142\" alt=\"\" \/><\/figure><div class=\"elementor-image-box-content\"><h3 class=\"elementor-image-box-title\">Fluxo de Caixa<\/h3><p class=\"elementor-image-box-description\">Controle o Fluxo de Caixa. Fa\u00e7a a gest\u00e3o com Relat\u00f3rios, Dashboards e Calend\u00e1rios.<\/p><\/div><\/div>\t\t<\/div>\n\t\t\t\t<\/div>\n\t\t\t\t<div class=\"elementor-element elementor-element-71b601e elementor-position-right elementor-vertical-align-top elementor-widget elementor-widget-image-box\" data-id=\"71b601e\" data-element_type=\"widget\" data-widget_type=\"image-box.default\">\n\t\t\t\t<div class=\"elementor-widget-container\">\n\t\t\t<div class=\"elementor-image-box-wrapper\"><figure class=\"elementor-image-box-img\"><img loading=\"lazy\" decoding=\"async\" width=\"80\" height=\"120\" src=\"https:\/\/rcbsystem.com.br\/wp-content\/uploads\/2022\/12\/pastilha_Conciliacao_Bancaria_1.jpg\" class=\"attachment-full size-full wp-image-133\" alt=\"\" \/><\/figure><div class=\"elementor-image-box-content\"><h3 class=\"elementor-image-box-title\">Concilia\u00e7\u00e3o Banc\u00e1ria<\/h3><p class=\"elementor-image-box-description\">Fa\u00e7a o confronto das despesas ou receitas com o fluxo da conta banc\u00e1ria. Fa\u00e7a a gest\u00e3o com Relat\u00f3rios, Dashboards e Calend\u00e1rios.<\/p><\/div><\/div>\t\t<\/div>\n\t\t\t\t<\/div>\n\t\t\t\t\t<\/div>\n\t\t<\/div>\n\t\t\t\t\t<\/div>\n\t\t<\/section>\n\t\t\t\t<\/div>\n\t\t","protected":false},"excerpt":{"rendered":"<p>O RCBFinanceiro \u00e9 um Sub-Sistema para o controle financeiro. Despesas Fa\u00e7a o Controle das Despesas anexando entrada de notas e controle das parcelas de pagamento. Fa\u00e7a a gest\u00e3o com Relat\u00f3rios, Dashboards e Calend\u00e1rios. Despesas Fa\u00e7a o controle das Receitas, controlando as parcelas de recebimento. Fa\u00e7a a gest\u00e3o com Relat\u00f3rios, Dashboards e Calend\u00e1rios. Fluxo de Caixa Controle o Fluxo de Caixa. Fa\u00e7a a gest\u00e3o com Relat\u00f3rios, Dashboards e Calend\u00e1rios. Concilia\u00e7\u00e3o Banc\u00e1ria Fa\u00e7a o confronto das despesas ou receitas com o fluxo da conta banc\u00e1ria. Fa\u00e7a a gest\u00e3o com Relat\u00f3rios, Dashboards e Calend\u00e1rios.<\/p>\n","protected":false},"author":1,"featured_media":0,"parent":0,"menu_order":0,"comment_status":"closed","ping_status":"closed","template":"","meta":{"_eb_attr":"","footnotes":""},"class_list":["post-415","page","type-page","status-publish","hentry"],"_links":{"self":[{"href":"https:\/\/rcbsystem.com.br\/index.php?rest_route=\/wp\/v2\/pages\/415","targetHints":{"allow":["GET"]}}],"collection":[{"href":"https:\/\/rcbsystem.com.br\/index.php?rest_route=\/wp\/v2\/pages"}],"about":[{"href":"https:\/\/rcbsystem.com.br\/index.php?rest_route=\/wp\/v2\/types\/page"}],"author":[{"embeddable":true,"href":"https:\/\/rcbsystem.com.br\/index.php?rest_route=\/wp\/v2\/users\/1"}],"replies":[{"embeddable":true,"href":"https:\/\/rcbsystem.com.br\/index.php?rest_route=%2Fwp%2Fv2%2Fcomments&post=415"}],"version-history":[{"count":0,"href":"https:\/\/rcbsystem.com.br\/index.php?rest_route=\/wp\/v2\/pages\/415\/revisions"}],"wp:attachment":[{"href":"https:\/\/rcbsystem.com.br\/index.php?rest_route=%2Fwp%2Fv2%2Fmedia&parent=415"}],"curies":[{"name":"wp","href":"https:\/\/api.w.org\/{rel}","templated":true}]}}