{"id":58,"date":"2022-12-24T12:25:18","date_gmt":"2022-12-24T12:25:18","guid":{"rendered":"https:\/\/rcbsystem.com\/sitewp\/?page_id=58"},"modified":"2022-12-24T12:25:18","modified_gmt":"2022-12-24T12:25:18","slug":"rcbanimal","status":"publish","type":"page","link":"https:\/\/rcbsystem.com.br\/?page_id=58","title":{"rendered":"RCBAnimal"},"content":{"rendered":"\t\t<div data-elementor-type=\"wp-page\" data-elementor-id=\"58\" class=\"elementor elementor-58\">\n\t\t\t\t\t\t<section class=\"elementor-section elementor-top-section elementor-element elementor-element-570c362 elementor-section-boxed elementor-section-height-default elementor-section-height-default\" data-id=\"570c362\" data-element_type=\"section\">\n\t\t\t\t\t\t<div class=\"elementor-container elementor-column-gap-default\">\n\t\t\t\t\t<div class=\"elementor-column elementor-col-100 elementor-top-column elementor-element elementor-element-95cc239\" data-id=\"95cc239\" data-element_type=\"column\">\n\t\t\t<div class=\"elementor-widget-wrap elementor-element-populated\">\n\t\t\t\t\t\t<div class=\"elementor-element elementor-element-8b8529b elementor-widget elementor-widget-text-editor\" data-id=\"8b8529b\" data-element_type=\"widget\" data-widget_type=\"text-editor.default\">\n\t\t\t\t<div class=\"elementor-widget-container\">\n\t\t\t\t\t\t\t<p>O RCBAnimal \u00e9 um Sub-Sistema com m\u00f3dulos para a Gest\u00e3o de Animais.<\/p>\t\t\t\t\t\t<\/div>\n\t\t\t\t<\/div>\n\t\t\t\t\t<\/div>\n\t\t<\/div>\n\t\t\t\t\t<\/div>\n\t\t<\/section>\n\t\t\t\t<section class=\"elementor-section elementor-top-section elementor-element elementor-element-e4e1236 elementor-section-boxed elementor-section-height-default elementor-section-height-default\" data-id=\"e4e1236\" data-element_type=\"section\">\n\t\t\t\t\t\t<div class=\"elementor-container elementor-column-gap-default\">\n\t\t\t\t\t<div class=\"elementor-column elementor-col-100 elementor-top-column elementor-element elementor-element-8238373\" data-id=\"8238373\" data-element_type=\"column\">\n\t\t\t<div class=\"elementor-widget-wrap elementor-element-populated\">\n\t\t\t\t\t\t<div class=\"elementor-element elementor-element-b90617d elementor-position-left elementor-vertical-align-top elementor-widget elementor-widget-image-box\" data-id=\"b90617d\" data-element_type=\"widget\" data-widget_type=\"image-box.default\">\n\t\t\t\t<div class=\"elementor-widget-container\">\n\t\t\t<div class=\"elementor-image-box-wrapper\"><figure class=\"elementor-image-box-img\"><img decoding=\"async\" width=\"80\" height=\"120\" src=\"https:\/\/rcbsystem.com.br\/wp-content\/uploads\/2022\/12\/pastilha_Animal_1.jpg\" class=\"attachment-full size-full wp-image-137\" alt=\"\" \/><\/figure><div class=\"elementor-image-box-content\"><h3 class=\"elementor-image-box-title\">Controle de Animais<\/h3><p class=\"elementor-image-box-description\">Cadastre todos os seus animais e fa\u00e7a a gest\u00e3o com Relat\u00f3rios, Dashboards, Mapa e Calend\u00e1rio<\/p><\/div><\/div>\t\t<\/div>\n\t\t\t\t<\/div>\n\t\t\t\t<div class=\"elementor-element elementor-element-3c57c8b elementor-position-right elementor-vertical-align-top elementor-widget elementor-widget-image-box\" data-id=\"3c57c8b\" data-element_type=\"widget\" data-widget_type=\"image-box.default\">\n\t\t\t\t<div class=\"elementor-widget-container\">\n\t\t\t<div class=\"elementor-image-box-wrapper\"><figure class=\"elementor-image-box-img\"><img decoding=\"async\" width=\"80\" height=\"120\" src=\"https:\/\/rcbsystem.com.br\/wp-content\/uploads\/2022\/12\/pastilha_Pasto_Controle_1.jpg\" class=\"attachment-full size-full wp-image-123\" alt=\"\" \/><\/figure><div class=\"elementor-image-box-content\"><h3 class=\"elementor-image-box-title\">Controle de Pasto<\/h3><p class=\"elementor-image-box-description\">Fa\u00e7a o controle da rotatividade dos pastos em que seus animais ficam e controle pelo RCBAgicola o manejo dos patos. Fa\u00e7a a gest\u00e3o com Relat\u00f3rios, Dashboards, Mapa e Calend\u00e1rio<\/p><\/div><\/div>\t\t<\/div>\n\t\t\t\t<\/div>\n\t\t\t\t<div class=\"elementor-element elementor-element-434de34 elementor-position-left elementor-vertical-align-top elementor-widget elementor-widget-image-box\" data-id=\"434de34\" data-element_type=\"widget\" data-widget_type=\"image-box.default\">\n\t\t\t\t<div class=\"elementor-widget-container\">\n\t\t\t<div class=\"elementor-image-box-wrapper\"><figure class=\"elementor-image-box-img\"><img decoding=\"async\" width=\"80\" height=\"120\" src=\"https:\/\/rcbsystem.com.br\/wp-content\/uploads\/2022\/12\/pastilha_Lote_Controle_1.jpg\" class=\"attachment-full size-full wp-image-122\" alt=\"\" \/><\/figure><div class=\"elementor-image-box-content\"><h3 class=\"elementor-image-box-title\">Controle por Lote<\/h3><p class=\"elementor-image-box-description\">O Lote de animais \u00e9 uma forma de agrupar os animais, controlando a linha do tempo como sendo apenas um animal e assim analisamos o crescimento individual de cada animal com a mesma estrat\u00e9gia aplicada para todos os outros do lote. Fa\u00e7a a gest\u00e3o com Relat\u00f3rios, Dashboards, Mapa e Calend\u00e1rio<\/p><\/div><\/div>\t\t<\/div>\n\t\t\t\t<\/div>\n\t\t\t\t<div class=\"elementor-element elementor-element-05e7403 elementor-position-right elementor-vertical-align-top elementor-widget elementor-widget-image-box\" data-id=\"05e7403\" data-element_type=\"widget\" data-widget_type=\"image-box.default\">\n\t\t\t\t<div class=\"elementor-widget-container\">\n\t\t\t<div class=\"elementor-image-box-wrapper\"><figure class=\"elementor-image-box-img\"><img loading=\"lazy\" decoding=\"async\" width=\"80\" height=\"120\" src=\"https:\/\/rcbsystem.com.br\/wp-content\/uploads\/2022\/12\/pastilha_Vacina_Controle_1.jpg\" class=\"attachment-full size-full wp-image-121\" alt=\"\" \/><\/figure><div class=\"elementor-image-box-content\"><h3 class=\"elementor-image-box-title\">Controle de Vacina\u00e7\u00e3o<\/h3><p class=\"elementor-image-box-description\">Controle a Vacina\u00e7\u00e3o do seus animais. Fa\u00e7a a gest\u00e3o com Relat\u00f3rios, Dashboards, Mapa e Calend\u00e1rio<\/p><\/div><\/div>\t\t<\/div>\n\t\t\t\t<\/div>\n\t\t\t\t<div class=\"elementor-element elementor-element-696b225 elementor-position-left elementor-vertical-align-top elementor-widget elementor-widget-image-box\" data-id=\"696b225\" data-element_type=\"widget\" data-widget_type=\"image-box.default\">\n\t\t\t\t<div class=\"elementor-widget-container\">\n\t\t\t<div class=\"elementor-image-box-wrapper\"><figure class=\"elementor-image-box-img\"><img loading=\"lazy\" decoding=\"async\" width=\"80\" height=\"120\" src=\"https:\/\/rcbsystem.com.br\/wp-content\/uploads\/2022\/12\/pastilha_Enfermidade_3.jpg\" class=\"attachment-full size-full wp-image-105\" alt=\"\" \/><\/figure><div class=\"elementor-image-box-content\"><h3 class=\"elementor-image-box-title\">Controle de Enfermidade<\/h3><p class=\"elementor-image-box-description\">Controle todo o tratamento com enfermidades dos Animais com o uso de rem\u00e9dios. Fa\u00e7a a gest\u00e3o com Relat\u00f3rios, Dashboards, Mapa e Calend\u00e1rio<\/p><\/div><\/div>\t\t<\/div>\n\t\t\t\t<\/div>\n\t\t\t\t<div class=\"elementor-element elementor-element-5ffe280 elementor-position-right elementor-vertical-align-top elementor-widget elementor-widget-image-box\" data-id=\"5ffe280\" data-element_type=\"widget\" data-widget_type=\"image-box.default\">\n\t\t\t\t<div class=\"elementor-widget-container\">\n\t\t\t<div class=\"elementor-image-box-wrapper\"><figure class=\"elementor-image-box-img\"><img loading=\"lazy\" decoding=\"async\" width=\"80\" height=\"120\" src=\"https:\/\/rcbsystem.com.br\/wp-content\/uploads\/2022\/12\/pastilha_Pesagem_1.jpg\" class=\"attachment-full size-full wp-image-104\" alt=\"\" \/><\/figure><div class=\"elementor-image-box-content\"><h3 class=\"elementor-image-box-title\">Controle de Pesagem<\/h3><p class=\"elementor-image-box-description\">Fa\u00e7a o controle das Pesagens dos Animais. Fa\u00e7a a gest\u00e3o com Relat\u00f3rios, Dashboards, Mapa e Calend\u00e1rio<\/p><\/div><\/div>\t\t<\/div>\n\t\t\t\t<\/div>\n\t\t\t\t<div class=\"elementor-element elementor-element-f6bbbb3 elementor-position-left elementor-vertical-align-top elementor-widget elementor-widget-image-box\" data-id=\"f6bbbb3\" data-element_type=\"widget\" data-widget_type=\"image-box.default\">\n\t\t\t\t<div class=\"elementor-widget-container\">\n\t\t\t<div class=\"elementor-image-box-wrapper\"><figure class=\"elementor-image-box-img\"><img loading=\"lazy\" decoding=\"async\" width=\"80\" height=\"120\" src=\"https:\/\/rcbsystem.com.br\/wp-content\/uploads\/2022\/12\/pastilha_Alimentacao_1.jpg\" class=\"attachment-full size-full wp-image-84\" alt=\"\" \/><\/figure><div class=\"elementor-image-box-content\"><h3 class=\"elementor-image-box-title\">Controle de Alimenta\u00e7\u00e3o<\/h3><p class=\"elementor-image-box-description\">Controle a Alimenta\u00e7\u00e3o e os custos com Alimenta\u00e7\u00e3o dos Animais. Fa\u00e7a a gest\u00e3o com Relat\u00f3rios, Dashboards, Mapa e Calend\u00e1rio<\/p><\/div><\/div>\t\t<\/div>\n\t\t\t\t<\/div>\n\t\t\t\t\t<\/div>\n\t\t<\/div>\n\t\t\t\t\t<\/div>\n\t\t<\/section>\n\t\t\t\t<\/div>\n\t\t","protected":false},"excerpt":{"rendered":"<p>O RCBAnimal \u00e9 um Sub-Sistema com m\u00f3dulos para a Gest\u00e3o de Animais. Controle de Animais Cadastre todos os seus animais e fa\u00e7a a gest\u00e3o com Relat\u00f3rios, Dashboards, Mapa e Calend\u00e1rio Controle de Pasto Fa\u00e7a o controle da rotatividade dos pastos em que seus animais ficam e controle pelo RCBAgicola o manejo dos patos. Fa\u00e7a a gest\u00e3o com Relat\u00f3rios, Dashboards, Mapa e Calend\u00e1rio Controle por Lote O Lote de animais \u00e9 uma forma de agrupar os animais, controlando a linha do tempo como sendo apenas um animal e assim analisamos o crescimento individual de cada animal com a mesma estrat\u00e9gia aplicada para todos os outros do lote. Fa\u00e7a a gest\u00e3o com Relat\u00f3rios, Dashboards, Mapa e Calend\u00e1rio Controle de Vacina\u00e7\u00e3o Controle a Vacina\u00e7\u00e3o do seus animais. Fa\u00e7a a gest\u00e3o com Relat\u00f3rios, Dashboards, Mapa e Calend\u00e1rio Controle de Enfermidade Controle todo o tratamento com enfermidades dos Animais com o uso de rem\u00e9dios. Fa\u00e7a a gest\u00e3o com Relat\u00f3rios, Dashboards, Mapa e Calend\u00e1rio Controle de Pesagem Fa\u00e7a o controle das Pesagens dos Animais. Fa\u00e7a a gest\u00e3o com Relat\u00f3rios, Dashboards, Mapa e Calend\u00e1rio Controle de Alimenta\u00e7\u00e3o Controle a Alimenta\u00e7\u00e3o e os custos com Alimenta\u00e7\u00e3o dos Animais. Fa\u00e7a a gest\u00e3o com Relat\u00f3rios, Dashboards, Mapa e Calend\u00e1rio<\/p>\n","protected":false},"author":1,"featured_media":0,"parent":0,"menu_order":0,"comment_status":"closed","ping_status":"closed","template":"","meta":{"_eb_attr":"","footnotes":""},"class_list":["post-58","page","type-page","status-publish","hentry"],"_links":{"self":[{"href":"https:\/\/rcbsystem.com.br\/index.php?rest_route=\/wp\/v2\/pages\/58","targetHints":{"allow":["GET"]}}],"collection":[{"href":"https:\/\/rcbsystem.com.br\/index.php?rest_route=\/wp\/v2\/pages"}],"about":[{"href":"https:\/\/rcbsystem.com.br\/index.php?rest_route=\/wp\/v2\/types\/page"}],"author":[{"embeddable":true,"href":"https:\/\/rcbsystem.com.br\/index.php?rest_route=\/wp\/v2\/users\/1"}],"replies":[{"embeddable":true,"href":"https:\/\/rcbsystem.com.br\/index.php?rest_route=%2Fwp%2Fv2%2Fcomments&post=58"}],"version-history":[{"count":0,"href":"https:\/\/rcbsystem.com.br\/index.php?rest_route=\/wp\/v2\/pages\/58\/revisions"}],"wp:attachment":[{"href":"https:\/\/rcbsystem.com.br\/index.php?rest_route=%2Fwp%2Fv2%2Fmedia&parent=58"}],"curies":[{"name":"wp","href":"https:\/\/api.w.org\/{rel}","templated":true}]}}