{"id":62,"date":"2022-12-24T12:25:58","date_gmt":"2022-12-24T12:25:58","guid":{"rendered":"https:\/\/rcbsystem.com\/sitewp\/?page_id=62"},"modified":"2022-12-24T12:25:58","modified_gmt":"2022-12-24T12:25:58","slug":"rcbimovel","status":"publish","type":"page","link":"https:\/\/rcbsystem.com.br\/?page_id=62","title":{"rendered":"RCBImovel"},"content":{"rendered":"\t\t<div data-elementor-type=\"wp-page\" data-elementor-id=\"62\" class=\"elementor elementor-62\">\n\t\t\t\t\t\t<section class=\"elementor-section elementor-top-section elementor-element elementor-element-2b94e75 elementor-section-boxed elementor-section-height-default elementor-section-height-default\" data-id=\"2b94e75\" data-element_type=\"section\">\n\t\t\t\t\t\t<div class=\"elementor-container elementor-column-gap-default\">\n\t\t\t\t\t<div class=\"elementor-column elementor-col-100 elementor-top-column elementor-element elementor-element-8bb7202\" data-id=\"8bb7202\" data-element_type=\"column\">\n\t\t\t<div class=\"elementor-widget-wrap elementor-element-populated\">\n\t\t\t\t\t\t<div class=\"elementor-element elementor-element-a48ff55 elementor-widget elementor-widget-text-editor\" data-id=\"a48ff55\" data-element_type=\"widget\" data-widget_type=\"text-editor.default\">\n\t\t\t\t<div class=\"elementor-widget-container\">\n\t\t\t\t\t\t\t<p>O RCBImovel \u00e9 um subsistema com m\u00f3dulos para o controle de Im\u00f3veis.<\/p>\t\t\t\t\t\t<\/div>\n\t\t\t\t<\/div>\n\t\t\t\t\t<\/div>\n\t\t<\/div>\n\t\t\t\t\t<\/div>\n\t\t<\/section>\n\t\t\t\t<section class=\"elementor-section elementor-top-section elementor-element elementor-element-27b0080 elementor-section-boxed elementor-section-height-default elementor-section-height-default\" data-id=\"27b0080\" data-element_type=\"section\">\n\t\t\t\t\t\t<div class=\"elementor-container elementor-column-gap-default\">\n\t\t\t\t\t<div class=\"elementor-column elementor-col-100 elementor-top-column elementor-element elementor-element-7efbb1f\" data-id=\"7efbb1f\" data-element_type=\"column\">\n\t\t\t<div class=\"elementor-widget-wrap elementor-element-populated\">\n\t\t\t\t\t\t<div class=\"elementor-element elementor-element-e01d5b6 elementor-position-left elementor-vertical-align-top elementor-widget elementor-widget-image-box\" data-id=\"e01d5b6\" data-element_type=\"widget\" data-widget_type=\"image-box.default\">\n\t\t\t\t<div class=\"elementor-widget-container\">\n\t\t\t<div class=\"elementor-image-box-wrapper\"><figure class=\"elementor-image-box-img\"><img decoding=\"async\" width=\"80\" height=\"120\" src=\"https:\/\/rcbsystem.com.br\/wp-content\/uploads\/2022\/12\/pastilha_Imovel_1.jpg\" class=\"attachment-full size-full wp-image-97\" alt=\"\" \/><\/figure><div class=\"elementor-image-box-content\"><h3 class=\"elementor-image-box-title\">Im\u00f3vel<\/h3><p class=\"elementor-image-box-description\">Cadastro de Im\u00f3veis. Fa\u00e7a a Gest\u00e3o com Relat\u00f3rios, Dashboards, Calend\u00e1rios e Mapas.<\/p><\/div><\/div>\t\t<\/div>\n\t\t\t\t<\/div>\n\t\t\t\t<div class=\"elementor-element elementor-element-c591331 elementor-position-right elementor-vertical-align-top elementor-widget elementor-widget-image-box\" data-id=\"c591331\" data-element_type=\"widget\" data-widget_type=\"image-box.default\">\n\t\t\t\t<div class=\"elementor-widget-container\">\n\t\t\t<div class=\"elementor-image-box-wrapper\"><figure class=\"elementor-image-box-img\"><img decoding=\"async\" width=\"80\" height=\"120\" src=\"https:\/\/rcbsystem.com.br\/wp-content\/uploads\/2022\/12\/pastilha_Contrato_1.jpg\" class=\"attachment-full size-full wp-image-132\" alt=\"\" \/><\/figure><div class=\"elementor-image-box-content\"><h3 class=\"elementor-image-box-title\">Contrato de Im\u00f3vel<\/h3><p class=\"elementor-image-box-description\">Controle os Contratos de Alugu\u00e9is dos Im\u00f3veis. Fa\u00e7a a gest\u00e3o com Relat\u00f3rios, Dashboards e Calend\u00e1rios.<\/p><\/div><\/div>\t\t<\/div>\n\t\t\t\t<\/div>\n\t\t\t\t<div class=\"elementor-element elementor-element-87f4ee5 elementor-position-left elementor-vertical-align-top elementor-widget elementor-widget-image-box\" data-id=\"87f4ee5\" data-element_type=\"widget\" data-widget_type=\"image-box.default\">\n\t\t\t\t<div class=\"elementor-widget-container\">\n\t\t\t<div class=\"elementor-image-box-wrapper\"><figure class=\"elementor-image-box-img\"><img decoding=\"async\" width=\"80\" height=\"120\" src=\"https:\/\/rcbsystem.com.br\/wp-content\/uploads\/2022\/12\/pastilha_Recibo_1.jpg\" class=\"attachment-full size-full wp-image-294\" alt=\"\" \/><\/figure><div class=\"elementor-image-box-content\"><h3 class=\"elementor-image-box-title\">Recibo<\/h3><p class=\"elementor-image-box-description\">Controle os Recibos de Pagamentos dos Alugu\u00e9is dos Im\u00f3veis. Fa\u00e7a a gest\u00e3o com Relat\u00f3rios, Dashboards e Calend\u00e1rios.<\/p><\/div><\/div>\t\t<\/div>\n\t\t\t\t<\/div>\n\t\t\t\t\t<\/div>\n\t\t<\/div>\n\t\t\t\t\t<\/div>\n\t\t<\/section>\n\t\t\t\t<\/div>\n\t\t","protected":false},"excerpt":{"rendered":"<p>O RCBImovel \u00e9 um subsistema com m\u00f3dulos para o controle de Im\u00f3veis. Im\u00f3vel Cadastro de Im\u00f3veis. Fa\u00e7a a Gest\u00e3o com Relat\u00f3rios, Dashboards, Calend\u00e1rios e Mapas. Contrato de Im\u00f3vel Controle os Contratos de Alugu\u00e9is dos Im\u00f3veis. Fa\u00e7a a gest\u00e3o com Relat\u00f3rios, Dashboards e Calend\u00e1rios. Recibo Controle os Recibos de Pagamentos dos Alugu\u00e9is dos Im\u00f3veis. Fa\u00e7a a gest\u00e3o com Relat\u00f3rios, Dashboards e Calend\u00e1rios.<\/p>\n","protected":false},"author":1,"featured_media":0,"parent":0,"menu_order":0,"comment_status":"closed","ping_status":"closed","template":"","meta":{"_eb_attr":"","footnotes":""},"class_list":["post-62","page","type-page","status-publish","hentry"],"_links":{"self":[{"href":"https:\/\/rcbsystem.com.br\/index.php?rest_route=\/wp\/v2\/pages\/62","targetHints":{"allow":["GET"]}}],"collection":[{"href":"https:\/\/rcbsystem.com.br\/index.php?rest_route=\/wp\/v2\/pages"}],"about":[{"href":"https:\/\/rcbsystem.com.br\/index.php?rest_route=\/wp\/v2\/types\/page"}],"author":[{"embeddable":true,"href":"https:\/\/rcbsystem.com.br\/index.php?rest_route=\/wp\/v2\/users\/1"}],"replies":[{"embeddable":true,"href":"https:\/\/rcbsystem.com.br\/index.php?rest_route=%2Fwp%2Fv2%2Fcomments&post=62"}],"version-history":[{"count":0,"href":"https:\/\/rcbsystem.com.br\/index.php?rest_route=\/wp\/v2\/pages\/62\/revisions"}],"wp:attachment":[{"href":"https:\/\/rcbsystem.com.br\/index.php?rest_route=%2Fwp%2Fv2%2Fmedia&parent=62"}],"curies":[{"name":"wp","href":"https:\/\/api.w.org\/{rel}","templated":true}]}}