{"id":807,"date":"2025-10-28T08:29:43","date_gmt":"2025-10-28T11:29:43","guid":{"rendered":"https:\/\/rcbsystem.com.br\/?page_id=807"},"modified":"2025-10-28T08:44:34","modified_gmt":"2025-10-28T11:44:34","slug":"gamificacao","status":"publish","type":"page","link":"https:\/\/rcbsystem.com.br\/?page_id=807","title":{"rendered":"Gamifica\u00e7\u00e3o"},"content":{"rendered":"\t\t<div data-elementor-type=\"wp-page\" data-elementor-id=\"807\" class=\"elementor elementor-807\">\n\t\t\t\t<div class=\"elementor-element elementor-element-637c41a e-flex e-con-boxed e-con e-parent\" data-id=\"637c41a\" data-element_type=\"container\">\n\t\t\t\t\t<div class=\"e-con-inner\">\n\t\t\t\t<div class=\"elementor-element elementor-element-cd7fbc5 elementor-widget elementor-widget-text-editor\" data-id=\"cd7fbc5\" data-element_type=\"widget\" data-widget_type=\"text-editor.default\">\n\t\t\t\t<div class=\"elementor-widget-container\">\n\t\t\t\t\t\t\t<p>Gamifica\u00e7\u00e3o \u00e9 a aplica\u00e7\u00e3o de elementos e din\u00e2micas de jogos (como pontos, desafios e recompensas) em contextos fora do entretenimento, como educa\u00e7\u00e3o ou trabalho, para aumentar o engajamento, a motiva\u00e7\u00e3o e o aprendizado, al\u00e9m de trazer benef\u00edcios em forma de diminui\u00e7\u00e3o de despesas para a Empresa.<\/p><p>As solu\u00e7\u00f5es abaixo, s\u00e3o ferramentas para a Gest\u00e3o do Processo.<\/p>\t\t\t\t\t\t<\/div>\n\t\t\t\t<\/div>\n\t\t\t\t<div class=\"elementor-element elementor-element-e3c3b3c elementor-position-left elementor-vertical-align-top elementor-widget elementor-widget-image-box\" data-id=\"e3c3b3c\" data-element_type=\"widget\" data-widget_type=\"image-box.default\">\n\t\t\t\t<div class=\"elementor-widget-container\">\n\t\t\t<div class=\"elementor-image-box-wrapper\"><figure class=\"elementor-image-box-img\"><img decoding=\"async\" width=\"80\" height=\"80\" src=\"https:\/\/rcbsystem.com.br\/wp-content\/uploads\/2025\/10\/imagem_2185.jpeg\" class=\"attachment-thumbnail size-thumbnail wp-image-810\" alt=\"Grupo\" srcset=\"https:\/\/rcbsystem.com.br\/wp-content\/uploads\/2025\/10\/imagem_2185.jpeg 80w, https:\/\/rcbsystem.com.br\/wp-content\/uploads\/2025\/10\/imagem_2185-75x75.jpeg 75w\" sizes=\"(max-width: 80px) 100vw, 80px\" \/><\/figure><div class=\"elementor-image-box-content\"><h3 class=\"elementor-image-box-title\">Grupo<\/h3><p class=\"elementor-image-box-description\">O Grupo gera um Agrupamento de Niveis, assim podemos criar jogos distintos e associar diversos jogadores.<\/p><\/div><\/div>\t\t<\/div>\n\t\t\t\t<\/div>\n\t\t\t\t<div class=\"elementor-element elementor-element-c8921a8 elementor-position-right elementor-vertical-align-top elementor-widget elementor-widget-image-box\" data-id=\"c8921a8\" data-element_type=\"widget\" data-widget_type=\"image-box.default\">\n\t\t\t\t<div class=\"elementor-widget-container\">\n\t\t\t<div class=\"elementor-image-box-wrapper\"><figure class=\"elementor-image-box-img\"><img decoding=\"async\" width=\"80\" height=\"80\" src=\"https:\/\/rcbsystem.com.br\/wp-content\/uploads\/2025\/10\/imagem_1660.jpeg\" class=\"attachment-thumbnail size-thumbnail wp-image-814\" alt=\"Nivel\" srcset=\"https:\/\/rcbsystem.com.br\/wp-content\/uploads\/2025\/10\/imagem_1660.jpeg 80w, https:\/\/rcbsystem.com.br\/wp-content\/uploads\/2025\/10\/imagem_1660-75x75.jpeg 75w\" sizes=\"(max-width: 80px) 100vw, 80px\" \/><\/figure><div class=\"elementor-image-box-content\"><h3 class=\"elementor-image-box-title\">Nivel<\/h3><p class=\"elementor-image-box-description\">A Cria\u00e7\u00e3o de <span style=\"font-size:12.0pt;line-height:115%;\nfont-family:&quot;Aptos&quot;,sans-serif;mso-ascii-theme-font:minor-latin;mso-fareast-font-family:\nAptos;mso-fareast-theme-font:minor-latin;mso-hansi-theme-font:minor-latin;\nmso-bidi-font-family:&quot;Times New Roman&quot;;mso-bidi-theme-font:minor-bidi;\nmso-ansi-language:PT-BR;mso-fareast-language:EN-US;mso-bidi-language:AR-SA\">N\u00edveis<\/span> \u00e9 uma forma de gerar Ranking para os colaboradores. <\/p><\/div><\/div>\t\t<\/div>\n\t\t\t\t<\/div>\n\t\t\t\t<div class=\"elementor-element elementor-element-7387fbb elementor-position-left elementor-vertical-align-top elementor-widget elementor-widget-image-box\" data-id=\"7387fbb\" data-element_type=\"widget\" data-widget_type=\"image-box.default\">\n\t\t\t\t<div class=\"elementor-widget-container\">\n\t\t\t<div class=\"elementor-image-box-wrapper\"><figure class=\"elementor-image-box-img\"><img decoding=\"async\" width=\"80\" height=\"80\" src=\"https:\/\/rcbsystem.com.br\/wp-content\/uploads\/2025\/10\/imagem_1658.jpeg\" class=\"attachment-thumbnail size-thumbnail wp-image-815\" alt=\"Crit\u00e9rio\" srcset=\"https:\/\/rcbsystem.com.br\/wp-content\/uploads\/2025\/10\/imagem_1658.jpeg 80w, https:\/\/rcbsystem.com.br\/wp-content\/uploads\/2025\/10\/imagem_1658-75x75.jpeg 75w\" sizes=\"(max-width: 80px) 100vw, 80px\" \/><\/figure><div class=\"elementor-image-box-content\"><h3 class=\"elementor-image-box-title\">Crit\u00e9rio<\/h3><p class=\"elementor-image-box-description\">A cria\u00e7\u00e3o de crit\u00e9rios associa a todo o processo de c\u00e1lculo dos n\u00edveis com o usu\u00e1rios gerando um processamento com resultados di\u00e1rio.<\/p><\/div><\/div>\t\t<\/div>\n\t\t\t\t<\/div>\n\t\t\t\t<div class=\"elementor-element elementor-element-8b11e0d elementor-position-right elementor-vertical-align-top elementor-widget elementor-widget-image-box\" data-id=\"8b11e0d\" data-element_type=\"widget\" data-widget_type=\"image-box.default\">\n\t\t\t\t<div class=\"elementor-widget-container\">\n\t\t\t<div class=\"elementor-image-box-wrapper\"><figure class=\"elementor-image-box-img\"><img loading=\"lazy\" decoding=\"async\" width=\"80\" height=\"80\" src=\"https:\/\/rcbsystem.com.br\/wp-content\/uploads\/2025\/10\/imagem_1656.jpeg\" class=\"attachment-thumbnail size-thumbnail wp-image-813\" alt=\"Acesso\" srcset=\"https:\/\/rcbsystem.com.br\/wp-content\/uploads\/2025\/10\/imagem_1656.jpeg 80w, https:\/\/rcbsystem.com.br\/wp-content\/uploads\/2025\/10\/imagem_1656-75x75.jpeg 75w\" sizes=\"(max-width: 80px) 100vw, 80px\" \/><\/figure><div class=\"elementor-image-box-content\"><h3 class=\"elementor-image-box-title\">Acesso<\/h3><p class=\"elementor-image-box-description\">Gest\u00e3o de Acesso aos Usu\u00e1rios as Solul\u00f5es que fazem parte da Gamifica\u00e7\u00e3o. <\/p><\/div><\/div>\t\t<\/div>\n\t\t\t\t<\/div>\n\t\t\t\t<div class=\"elementor-element elementor-element-eb84e37 elementor-position-left elementor-vertical-align-top elementor-widget elementor-widget-image-box\" data-id=\"eb84e37\" data-element_type=\"widget\" data-widget_type=\"image-box.default\">\n\t\t\t\t<div class=\"elementor-widget-container\">\n\t\t\t<div class=\"elementor-image-box-wrapper\"><figure class=\"elementor-image-box-img\"><img loading=\"lazy\" decoding=\"async\" width=\"80\" height=\"80\" src=\"https:\/\/rcbsystem.com.br\/wp-content\/uploads\/2025\/10\/imagem_1664.jpeg\" class=\"attachment-thumbnail size-thumbnail wp-image-811\" alt=\"Premio\" srcset=\"https:\/\/rcbsystem.com.br\/wp-content\/uploads\/2025\/10\/imagem_1664.jpeg 80w, https:\/\/rcbsystem.com.br\/wp-content\/uploads\/2025\/10\/imagem_1664-75x75.jpeg 75w\" sizes=\"(max-width: 80px) 100vw, 80px\" \/><\/figure><div class=\"elementor-image-box-content\"><h3 class=\"elementor-image-box-title\">Pr\u00eamio<\/h3><p class=\"elementor-image-box-description\">Controle dos Premios que ser\u00e3o distribuidos conforme o nivel em que o colaborador obter.<\/p><\/div><\/div>\t\t<\/div>\n\t\t\t\t<\/div>\n\t\t\t\t<div class=\"elementor-element elementor-element-d563e76 elementor-position-right elementor-vertical-align-top elementor-widget elementor-widget-image-box\" data-id=\"d563e76\" data-element_type=\"widget\" data-widget_type=\"image-box.default\">\n\t\t\t\t<div class=\"elementor-widget-container\">\n\t\t\t<div class=\"elementor-image-box-wrapper\"><figure class=\"elementor-image-box-img\"><img loading=\"lazy\" decoding=\"async\" width=\"80\" height=\"80\" src=\"https:\/\/rcbsystem.com.br\/wp-content\/uploads\/2025\/10\/imagem_2187.jpeg\" class=\"attachment-thumbnail size-thumbnail wp-image-809\" alt=\"Valores\" srcset=\"https:\/\/rcbsystem.com.br\/wp-content\/uploads\/2025\/10\/imagem_2187.jpeg 80w, https:\/\/rcbsystem.com.br\/wp-content\/uploads\/2025\/10\/imagem_2187-75x75.jpeg 75w\" sizes=\"(max-width: 80px) 100vw, 80px\" \/><\/figure><div class=\"elementor-image-box-content\"><h3 class=\"elementor-image-box-title\">Valores<\/h3><p class=\"elementor-image-box-description\">Gest\u00e3o dos Valores gerado diariamente ap\u00f3s processamento por Colaborador<\/p><\/div><\/div>\t\t<\/div>\n\t\t\t\t<\/div>\n\t\t\t\t<div class=\"elementor-element elementor-element-c883ea3 elementor-position-left elementor-vertical-align-top elementor-widget elementor-widget-image-box\" data-id=\"c883ea3\" data-element_type=\"widget\" data-widget_type=\"image-box.default\">\n\t\t\t\t<div class=\"elementor-widget-container\">\n\t\t\t<div class=\"elementor-image-box-wrapper\"><figure class=\"elementor-image-box-img\"><img loading=\"lazy\" decoding=\"async\" width=\"80\" height=\"80\" src=\"https:\/\/rcbsystem.com.br\/wp-content\/uploads\/2025\/10\/pastilha_Gamificacao_Pontuacao_1-1.png\" class=\"attachment-thumbnail size-thumbnail wp-image-803\" alt=\"Ranking\" srcset=\"https:\/\/rcbsystem.com.br\/wp-content\/uploads\/2025\/10\/pastilha_Gamificacao_Pontuacao_1-1.png 80w, https:\/\/rcbsystem.com.br\/wp-content\/uploads\/2025\/10\/pastilha_Gamificacao_Pontuacao_1-1-75x75.png 75w\" sizes=\"(max-width: 80px) 100vw, 80px\" \/><\/figure><div class=\"elementor-image-box-content\"><h3 class=\"elementor-image-box-title\">Nivel X Pr\u00eamio<\/h3><p class=\"elementor-image-box-description\">Gest\u00e3o do Ranking baseado em pr\u00eamios que foram ganho por colaboradores em rela\u00e7\u00e3o aos n\u00edveis.<\/p><\/div><\/div>\t\t<\/div>\n\t\t\t\t<\/div>\n\t\t\t\t\t<\/div>\n\t\t\t\t<\/div>\n\t\t\t\t<\/div>\n\t\t","protected":false},"excerpt":{"rendered":"<p>Gamifica\u00e7\u00e3o \u00e9 a aplica\u00e7\u00e3o de elementos e din\u00e2micas de jogos (como pontos, desafios e recompensas) em contextos fora do entretenimento, como educa\u00e7\u00e3o ou trabalho, para aumentar o engajamento, a motiva\u00e7\u00e3o e o aprendizado, al\u00e9m de trazer benef\u00edcios em forma de diminui\u00e7\u00e3o de despesas para a Empresa. As solu\u00e7\u00f5es abaixo, s\u00e3o ferramentas para a Gest\u00e3o do Processo. Grupo O Grupo gera um Agrupamento de Niveis, assim podemos criar jogos distintos e associar diversos jogadores. Nivel A Cria\u00e7\u00e3o de N\u00edveis \u00e9 uma forma de gerar Ranking para os colaboradores. Crit\u00e9rio A cria\u00e7\u00e3o de crit\u00e9rios associa a todo o processo de c\u00e1lculo dos n\u00edveis com o usu\u00e1rios gerando um processamento com resultados di\u00e1rio. Acesso Gest\u00e3o de Acesso aos Usu\u00e1rios as Solul\u00f5es que fazem parte da Gamifica\u00e7\u00e3o. Pr\u00eamio Controle dos Premios que ser\u00e3o distribuidos conforme o nivel em que o colaborador obter. Valores Gest\u00e3o dos Valores gerado diariamente ap\u00f3s processamento por Colaborador Nivel X Pr\u00eamio Gest\u00e3o do Ranking baseado em pr\u00eamios que foram ganho por colaboradores em rela\u00e7\u00e3o aos n\u00edveis.<\/p>\n","protected":false},"author":1,"featured_media":0,"parent":0,"menu_order":0,"comment_status":"closed","ping_status":"closed","template":"","meta":{"_eb_attr":"","footnotes":""},"class_list":["post-807","page","type-page","status-publish","hentry"],"_links":{"self":[{"href":"https:\/\/rcbsystem.com.br\/index.php?rest_route=\/wp\/v2\/pages\/807","targetHints":{"allow":["GET"]}}],"collection":[{"href":"https:\/\/rcbsystem.com.br\/index.php?rest_route=\/wp\/v2\/pages"}],"about":[{"href":"https:\/\/rcbsystem.com.br\/index.php?rest_route=\/wp\/v2\/types\/page"}],"author":[{"embeddable":true,"href":"https:\/\/rcbsystem.com.br\/index.php?rest_route=\/wp\/v2\/users\/1"}],"replies":[{"embeddable":true,"href":"https:\/\/rcbsystem.com.br\/index.php?rest_route=%2Fwp%2Fv2%2Fcomments&post=807"}],"version-history":[{"count":5,"href":"https:\/\/rcbsystem.com.br\/index.php?rest_route=\/wp\/v2\/pages\/807\/revisions"}],"predecessor-version":[{"id":827,"href":"https:\/\/rcbsystem.com.br\/index.php?rest_route=\/wp\/v2\/pages\/807\/revisions\/827"}],"wp:attachment":[{"href":"https:\/\/rcbsystem.com.br\/index.php?rest_route=%2Fwp%2Fv2%2Fmedia&parent=807"}],"curies":[{"name":"wp","href":"https:\/\/api.w.org\/{rel}","templated":true}]}}